{"id":6650,"date":"2025-04-10T08:54:08","date_gmt":"2025-04-10T06:54:08","guid":{"rendered":"https:\/\/msmpetfood.com\/a-propos-de-nous\/"},"modified":"2025-11-25T10:32:25","modified_gmt":"2025-11-25T09:32:25","slug":"a-propos-de-nous","status":"publish","type":"page","link":"https:\/\/msmpetfood.com\/fr\/a-propos-de-nous\/","title":{"rendered":"A propos de nous"},"content":{"rendered":"\t\t<div data-elementor-type=\"wp-page\" data-elementor-id=\"6650\" class=\"elementor elementor-6650 elementor-32\" data-elementor-post-type=\"page\">\n\t\t\t\t<div class=\"elementor-element elementor-element-17d2548 e-flex e-con-boxed e-con e-parent\" data-id=\"17d2548\" data-element_type=\"container\" data-e-type=\"container\" data-settings=\"{&quot;background_background&quot;:&quot;classic&quot;}\">\n\t\t\t\t\t<div class=\"e-con-inner\">\n\t\t\t\t\t<\/div>\n\t\t\t\t<\/div>\n\t\t<div class=\"elementor-element elementor-element-ed973f0 e-flex e-con-boxed e-con e-parent\" data-id=\"ed973f0\" data-element_type=\"container\" data-e-type=\"container\">\n\t\t\t\t\t<div class=\"e-con-inner\">\n\t\t<div class=\"elementor-element elementor-element-6955e8d e-con-full e-flex e-con e-child\" data-id=\"6955e8d\" data-element_type=\"container\" data-e-type=\"container\">\n\t\t\t\t<div class=\"elementor-element elementor-element-f6139f4 elementor-widget elementor-widget-image\" data-id=\"f6139f4\" data-element_type=\"widget\" data-e-type=\"widget\" data-widget_type=\"image.default\">\n\t\t\t\t<div class=\"elementor-widget-container\">\n\t\t\t\t\t\t\t\t\t\t\t\t\t\t\t<img fetchpriority=\"high\" decoding=\"async\" width=\"1080\" height=\"1080\" src=\"https:\/\/msmpetfood.com\/wp-content\/uploads\/2025\/04\/chisiamo_01.webp\" class=\"attachment-full size-full wp-image-1419\" alt=\"Modello di sviluppo e innovazione nella nutrizione animale\" srcset=\"https:\/\/msmpetfood.com\/wp-content\/uploads\/2025\/04\/chisiamo_01.webp 1080w, https:\/\/msmpetfood.com\/wp-content\/uploads\/2025\/04\/chisiamo_01-300x300.webp 300w, https:\/\/msmpetfood.com\/wp-content\/uploads\/2025\/04\/chisiamo_01-1024x1024.webp 1024w, https:\/\/msmpetfood.com\/wp-content\/uploads\/2025\/04\/chisiamo_01-150x150.webp 150w, https:\/\/msmpetfood.com\/wp-content\/uploads\/2025\/04\/chisiamo_01-768x768.webp 768w, https:\/\/msmpetfood.com\/wp-content\/uploads\/2025\/04\/chisiamo_01-600x600.webp 600w, https:\/\/msmpetfood.com\/wp-content\/uploads\/2025\/04\/chisiamo_01-100x100.webp 100w\" sizes=\"(max-width: 1080px) 100vw, 1080px\" \/>\t\t\t\t\t\t\t\t\t\t\t\t\t\t\t<\/div>\n\t\t\t\t<\/div>\n\t\t\t\t<\/div>\n\t\t<div class=\"elementor-element elementor-element-5c3a2fb e-con-full e-flex e-con e-child\" data-id=\"5c3a2fb\" data-element_type=\"container\" data-e-type=\"container\">\n\t\t\t\t<div class=\"elementor-element elementor-element-1aa3905 elementor-widget elementor-widget-heading\" data-id=\"1aa3905\" data-element_type=\"widget\" data-e-type=\"widget\" data-widget_type=\"heading.default\">\n\t\t\t\t<div class=\"elementor-widget-container\">\n\t\t\t\t\t<h2 class=\"elementor-heading-title elementor-size-default\">Mod\u00e8le de d\u00e9veloppement et innovation en mati\u00e8re d'alimentation animale<\/h2>\t\t\t\t<\/div>\n\t\t\t\t<\/div>\n\t\t\t\t<div class=\"elementor-element elementor-element-c9db6c2 elementor-widget elementor-widget-text-editor\" data-id=\"c9db6c2\" data-element_type=\"widget\" data-e-type=\"widget\" data-widget_type=\"text-editor.default\">\n\t\t\t\t<div class=\"elementor-widget-container\">\n\t\t\t\t\t\t\t\t\t<p class=\"p1\">MSM a innov\u00e9 la philosophie de l&rsquo;extrusion s\u00e9lective de l&rsquo;amidon gr\u00e2ce \u00e0 un nouveau proc\u00e9d\u00e9 ultra-technologique. En commen\u00e7ant par un grand soin dans la s\u00e9lection des mati\u00e8res premi\u00e8res, elle en est venue \u00e0 proposer une large gamme de produits pour chiens et chats, en constante \u00e9volution et expansion. <\/p><p> <\/p><p class=\"p1\">Ce succ\u00e8s est notamment d\u00fb \u00e0 l&rsquo;adoption d&rsquo;une strat\u00e9gie de production bas\u00e9e sur des processus optimis\u00e9s, innovants et soucieux de la qualit\u00e9, dans le but de r\u00e9pondre aux <b>besoins nutritionnels sp\u00e9cifiques<\/b> des animaux, conform\u00e9ment aux <b>normes scientifiques et r\u00e9glementaires internationales les plus strictes<\/b>.<\/p>\t\t\t\t\t\t\t\t<\/div>\n\t\t\t\t<\/div>\n\t\t\t\t<\/div>\n\t\t\t\t\t<\/div>\n\t\t\t\t<\/div>\n\t\t<div class=\"elementor-element elementor-element-7968fe4 e-flex e-con-boxed e-con e-parent\" data-id=\"7968fe4\" data-element_type=\"container\" data-e-type=\"container\">\n\t\t\t\t\t<div class=\"e-con-inner\">\n\t\t<div class=\"elementor-element elementor-element-4368aaf e-con-full e-flex e-con e-child\" data-id=\"4368aaf\" data-element_type=\"container\" data-e-type=\"container\">\n\t\t\t\t<div class=\"elementor-element elementor-element-29acd06 elementor-widget elementor-widget-text-editor\" data-id=\"29acd06\" data-element_type=\"widget\" data-e-type=\"widget\" data-widget_type=\"text-editor.default\">\n\t\t\t\t<div class=\"elementor-widget-container\">\n\t\t\t\t\t\t\t\t\t<p class=\"p1\">Le regard attentif et concentr\u00e9 du chien de chasse scrutant l&rsquo;horizon refl\u00e8te fid\u00e8lement la philosophie de MSM Pet Food : une approche scientifique avanc\u00e9e et m\u00e9ticuleuse visant \u00e0 garantir une expression nutritionnelle maximale.<\/p><p> <\/p><p class=\"p1\">Des besoins profonds de l&rsquo;animal d\u00e9coule un r\u00e9gime alimentaire formul\u00e9 sur une base scientifique rigoureuse, assurant un \u00e9quilibre optimal entre la sant\u00e9, la performance et le bien-\u00eatre.  <b>Le MSM n&rsquo;est pas qu&rsquo;un simple aliment : c&rsquo;est une science appliqu\u00e9e pour une vie plus saine et plus longue.<\/b><\/p>\t\t\t\t\t\t\t\t<\/div>\n\t\t\t\t<\/div>\n\t\t\t\t<div class=\"elementor-element elementor-element-efff95c elementor-widget elementor-widget-image\" data-id=\"efff95c\" data-element_type=\"widget\" data-e-type=\"widget\" data-widget_type=\"image.default\">\n\t\t\t\t<div class=\"elementor-widget-container\">\n\t\t\t\t\t\t\t\t\t\t\t\t\t\t\t<img decoding=\"async\" width=\"300\" height=\"169\" src=\"https:\/\/msmpetfood.com\/wp-content\/uploads\/2025\/04\/firma.svg\" class=\"attachment-medium size-medium wp-image-6651\" alt=\"Firma\" \/>\t\t\t\t\t\t\t\t\t\t\t\t\t\t\t<\/div>\n\t\t\t\t<\/div>\n\t\t\t\t<\/div>\n\t\t<div class=\"elementor-element elementor-element-67cd464 e-con-full e-flex e-con e-child\" data-id=\"67cd464\" data-element_type=\"container\" data-e-type=\"container\">\n\t\t\t\t<div class=\"elementor-element elementor-element-831c51a elementor-widget elementor-widget-image\" data-id=\"831c51a\" data-element_type=\"widget\" data-e-type=\"widget\" data-widget_type=\"image.default\">\n\t\t\t\t<div class=\"elementor-widget-container\">\n\t\t\t\t\t\t\t\t\t\t\t\t\t\t\t<img decoding=\"async\" width=\"1080\" height=\"1080\" src=\"https:\/\/msmpetfood.com\/wp-content\/uploads\/2025\/04\/chisiamo_02.webp\" class=\"attachment-full size-full wp-image-1420\" alt=\"Impianto produttivo\" srcset=\"https:\/\/msmpetfood.com\/wp-content\/uploads\/2025\/04\/chisiamo_02.webp 1080w, https:\/\/msmpetfood.com\/wp-content\/uploads\/2025\/04\/chisiamo_02-300x300.webp 300w, https:\/\/msmpetfood.com\/wp-content\/uploads\/2025\/04\/chisiamo_02-1024x1024.webp 1024w, https:\/\/msmpetfood.com\/wp-content\/uploads\/2025\/04\/chisiamo_02-150x150.webp 150w, https:\/\/msmpetfood.com\/wp-content\/uploads\/2025\/04\/chisiamo_02-768x768.webp 768w, https:\/\/msmpetfood.com\/wp-content\/uploads\/2025\/04\/chisiamo_02-600x600.webp 600w, https:\/\/msmpetfood.com\/wp-content\/uploads\/2025\/04\/chisiamo_02-100x100.webp 100w\" sizes=\"(max-width: 1080px) 100vw, 1080px\" \/>\t\t\t\t\t\t\t\t\t\t\t\t\t\t\t<\/div>\n\t\t\t\t<\/div>\n\t\t\t\t<\/div>\n\t\t\t\t\t<\/div>\n\t\t\t\t<\/div>\n\t\t<div class=\"elementor-element elementor-element-be379b3 e-grid e-con-boxed e-con e-parent\" data-id=\"be379b3\" data-element_type=\"container\" data-e-type=\"container\">\n\t\t\t\t\t<div class=\"e-con-inner\">\n\t\t<div class=\"elementor-element elementor-element-c9925fa e-con-full e-flex e-con e-child\" data-id=\"c9925fa\" data-element_type=\"container\" data-e-type=\"container\">\n\t\t<div class=\"elementor-element elementor-element-e6a5c26 e-con-full e-flex e-con e-child\" data-id=\"e6a5c26\" data-element_type=\"container\" data-e-type=\"container\">\n\t\t\t\t<div class=\"elementor-element elementor-element-bc47334 elementor-widget elementor-widget-heading\" data-id=\"bc47334\" data-element_type=\"widget\" data-e-type=\"widget\" data-widget_type=\"heading.default\">\n\t\t\t\t<div class=\"elementor-widget-container\">\n\t\t\t\t\t<h2 class=\"elementor-heading-title elementor-size-default\">2008<\/h2>\t\t\t\t<\/div>\n\t\t\t\t<\/div>\n\t\t\t\t<div class=\"elementor-element elementor-element-547ec43 elementor-widget elementor-widget-heading\" data-id=\"547ec43\" data-element_type=\"widget\" data-e-type=\"widget\" data-widget_type=\"heading.default\">\n\t\t\t\t<div class=\"elementor-widget-container\">\n\t\t\t\t\t<h5 class=\"elementor-heading-title elementor-size-default\">Constitution<br>soci\u00e9t\u00e9<\/h5>\t\t\t\t<\/div>\n\t\t\t\t<\/div>\n\t\t\t\t<\/div>\n\t\t\t\t<\/div>\n\t\t<div class=\"elementor-element elementor-element-c6a8f78 e-con-full e-flex e-con e-child\" data-id=\"c6a8f78\" data-element_type=\"container\" data-e-type=\"container\">\n\t\t<div class=\"elementor-element elementor-element-42f047f e-con-full e-flex e-con e-child\" data-id=\"42f047f\" data-element_type=\"container\" data-e-type=\"container\">\n\t\t\t\t<div class=\"elementor-element elementor-element-a0be5e4 elementor-widget elementor-widget-heading\" data-id=\"a0be5e4\" data-element_type=\"widget\" data-e-type=\"widget\" data-widget_type=\"heading.default\">\n\t\t\t\t<div class=\"elementor-widget-container\">\n\t\t\t\t\t<h2 class=\"elementor-heading-title elementor-size-default\">2011<\/h2>\t\t\t\t<\/div>\n\t\t\t\t<\/div>\n\t\t\t\t<div class=\"elementor-element elementor-element-45ded96 elementor-widget elementor-widget-heading\" data-id=\"45ded96\" data-element_type=\"widget\" data-e-type=\"widget\" data-widget_type=\"heading.default\">\n\t\t\t\t<div class=\"elementor-widget-container\">\n\t\t\t\t\t<h5 class=\"elementor-heading-title elementor-size-default\">Ligne de lancement<br>Playdog<\/h5>\t\t\t\t<\/div>\n\t\t\t\t<\/div>\n\t\t\t\t<\/div>\n\t\t\t\t<\/div>\n\t\t<div class=\"elementor-element elementor-element-982ad45 e-con-full e-flex e-con e-child\" data-id=\"982ad45\" data-element_type=\"container\" data-e-type=\"container\">\n\t\t<div class=\"elementor-element elementor-element-d49ceed e-con-full e-flex e-con e-child\" data-id=\"d49ceed\" data-element_type=\"container\" data-e-type=\"container\">\n\t\t\t\t<div class=\"elementor-element elementor-element-aa9ddab elementor-widget elementor-widget-heading\" data-id=\"aa9ddab\" data-element_type=\"widget\" data-e-type=\"widget\" data-widget_type=\"heading.default\">\n\t\t\t\t<div class=\"elementor-widget-container\">\n\t\t\t\t\t<h2 class=\"elementor-heading-title elementor-size-default\">2013<\/h2>\t\t\t\t<\/div>\n\t\t\t\t<\/div>\n\t\t\t\t<div class=\"elementor-element elementor-element-ea2d952 elementor-widget elementor-widget-heading\" data-id=\"ea2d952\" data-element_type=\"widget\" data-e-type=\"widget\" data-widget_type=\"heading.default\">\n\t\t\t\t<div class=\"elementor-widget-container\">\n\t\t\t\t\t<h5 class=\"elementor-heading-title elementor-size-default\">Ligne de lancement<br>Pettys<\/h5>\t\t\t\t<\/div>\n\t\t\t\t<\/div>\n\t\t\t\t<\/div>\n\t\t\t\t<\/div>\n\t\t<div class=\"elementor-element elementor-element-19c1d12 e-con-full e-flex e-con e-child\" data-id=\"19c1d12\" data-element_type=\"container\" data-e-type=\"container\">\n\t\t<div class=\"elementor-element elementor-element-11ed6a4 e-con-full e-flex e-con e-child\" data-id=\"11ed6a4\" data-element_type=\"container\" data-e-type=\"container\">\n\t\t\t\t<div class=\"elementor-element elementor-element-696fa6c elementor-widget elementor-widget-heading\" data-id=\"696fa6c\" data-element_type=\"widget\" data-e-type=\"widget\" data-widget_type=\"heading.default\">\n\t\t\t\t<div class=\"elementor-widget-container\">\n\t\t\t\t\t<h2 class=\"elementor-heading-title elementor-size-default\">2016<\/h2>\t\t\t\t<\/div>\n\t\t\t\t<\/div>\n\t\t\t\t<div class=\"elementor-element elementor-element-fe42101 elementor-widget elementor-widget-heading\" data-id=\"fe42101\" data-element_type=\"widget\" data-e-type=\"widget\" data-widget_type=\"heading.default\">\n\t\t\t\t<div class=\"elementor-widget-container\">\n\t\t\t\t\t<h5 class=\"elementor-heading-title elementor-size-default\">Lancement de la ligne<br>MSM Professional<\/h5>\t\t\t\t<\/div>\n\t\t\t\t<\/div>\n\t\t\t\t<\/div>\n\t\t\t\t<\/div>\n\t\t<div class=\"elementor-element elementor-element-1da61ad e-con-full e-flex e-con e-child\" data-id=\"1da61ad\" data-element_type=\"container\" data-e-type=\"container\">\n\t\t<div class=\"elementor-element elementor-element-78f795d e-con-full e-flex e-con e-child\" data-id=\"78f795d\" data-element_type=\"container\" data-e-type=\"container\">\n\t\t\t\t<div class=\"elementor-element elementor-element-9f90d5f elementor-widget elementor-widget-heading\" data-id=\"9f90d5f\" data-element_type=\"widget\" data-e-type=\"widget\" data-widget_type=\"heading.default\">\n\t\t\t\t<div class=\"elementor-widget-container\">\n\t\t\t\t\t<h2 class=\"elementor-heading-title elementor-size-default\">2019<\/h2>\t\t\t\t<\/div>\n\t\t\t\t<\/div>\n\t\t\t\t<div class=\"elementor-element elementor-element-cdbcf0f elementor-widget elementor-widget-heading\" data-id=\"cdbcf0f\" data-element_type=\"widget\" data-e-type=\"widget\" data-widget_type=\"heading.default\">\n\t\t\t\t<div class=\"elementor-widget-container\">\n\t\t\t\t\t<h5 class=\"elementor-heading-title elementor-size-default\">Construction<br>d'une nouvelle centrale de production<\/h5>\t\t\t\t<\/div>\n\t\t\t\t<\/div>\n\t\t\t\t<\/div>\n\t\t\t\t<\/div>\n\t\t<div class=\"elementor-element elementor-element-45a6b2d e-con-full e-flex e-con e-child\" data-id=\"45a6b2d\" data-element_type=\"container\" data-e-type=\"container\">\n\t\t<div class=\"elementor-element elementor-element-0f65d8e e-con-full e-flex e-con e-child\" data-id=\"0f65d8e\" data-element_type=\"container\" data-e-type=\"container\">\n\t\t\t\t<div class=\"elementor-element elementor-element-28f666c elementor-widget elementor-widget-heading\" data-id=\"28f666c\" data-element_type=\"widget\" data-e-type=\"widget\" data-widget_type=\"heading.default\">\n\t\t\t\t<div class=\"elementor-widget-container\">\n\t\t\t\t\t<h2 class=\"elementor-heading-title elementor-size-default\">2022<\/h2>\t\t\t\t<\/div>\n\t\t\t\t<\/div>\n\t\t\t\t<div class=\"elementor-element elementor-element-5f6a637 elementor-widget elementor-widget-heading\" data-id=\"5f6a637\" data-element_type=\"widget\" data-e-type=\"widget\" data-widget_type=\"heading.default\">\n\t\t\t\t<div class=\"elementor-widget-container\">\n\t\t\t\t\t<h5 class=\"elementor-heading-title elementor-size-default\">Acquisition<br>marques Podium<br>et Podium Breeder<\/h5>\t\t\t\t<\/div>\n\t\t\t\t<\/div>\n\t\t\t\t<\/div>\n\t\t\t\t<\/div>\n\t\t<div class=\"elementor-element elementor-element-33f23f1 e-con-full e-flex e-con e-child\" data-id=\"33f23f1\" data-element_type=\"container\" data-e-type=\"container\">\n\t\t<div class=\"elementor-element elementor-element-95945c8 e-con-full e-flex e-con e-child\" data-id=\"95945c8\" data-element_type=\"container\" data-e-type=\"container\">\n\t\t\t\t<div class=\"elementor-element elementor-element-980d527 elementor-widget elementor-widget-heading\" data-id=\"980d527\" data-element_type=\"widget\" data-e-type=\"widget\" data-widget_type=\"heading.default\">\n\t\t\t\t<div class=\"elementor-widget-container\">\n\t\t\t\t\t<h2 class=\"elementor-heading-title elementor-size-default\">2024<\/h2>\t\t\t\t<\/div>\n\t\t\t\t<\/div>\n\t\t\t\t<div class=\"elementor-element elementor-element-1e51fd9 elementor-widget elementor-widget-heading\" data-id=\"1e51fd9\" data-element_type=\"widget\" data-e-type=\"widget\" data-widget_type=\"heading.default\">\n\t\t\t\t<div class=\"elementor-widget-container\">\n\t\t\t\t\t<h5 class=\"elementor-heading-title elementor-size-default\">Obtention de la certification ISO 9001 (<br>)<\/h5>\t\t\t\t<\/div>\n\t\t\t\t<\/div>\n\t\t\t\t<\/div>\n\t\t\t\t<\/div>\n\t\t<div class=\"elementor-element elementor-element-baa4697 e-con-full e-flex e-con e-child\" data-id=\"baa4697\" data-element_type=\"container\" data-e-type=\"container\">\n\t\t<div class=\"elementor-element elementor-element-1c12ad6 e-con-full e-flex e-con e-child\" data-id=\"1c12ad6\" data-element_type=\"container\" data-e-type=\"container\">\n\t\t\t\t<div class=\"elementor-element elementor-element-1ecfc77 elementor-widget elementor-widget-heading\" data-id=\"1ecfc77\" data-element_type=\"widget\" data-e-type=\"widget\" data-widget_type=\"heading.default\">\n\t\t\t\t<div class=\"elementor-widget-container\">\n\t\t\t\t\t<h2 class=\"elementor-heading-title elementor-size-default\">2025<\/h2>\t\t\t\t<\/div>\n\t\t\t\t<\/div>\n\t\t\t\t<div class=\"elementor-element elementor-element-aa24d95 elementor-widget elementor-widget-heading\" data-id=\"aa24d95\" data-element_type=\"widget\" data-e-type=\"widget\" data-widget_type=\"heading.default\">\n\t\t\t\t<div class=\"elementor-widget-container\">\n\t\t\t\t\t<h5 class=\"elementor-heading-title elementor-size-default\">Renouvellement de la ligne Playdog<\/h5>\t\t\t\t<\/div>\n\t\t\t\t<\/div>\n\t\t\t\t<\/div>\n\t\t\t\t<\/div>\n\t\t\t\t\t<\/div>\n\t\t\t\t<\/div>\n\t\t<div class=\"elementor-element elementor-element-5cbeee0 e-flex e-con-boxed e-con e-parent\" data-id=\"5cbeee0\" data-element_type=\"container\" data-e-type=\"container\">\n\t\t\t\t\t<div class=\"e-con-inner\">\n\t\t\t\t<div class=\"elementor-element elementor-element-a1b5799 elementor-widget elementor-widget-heading\" data-id=\"a1b5799\" data-element_type=\"widget\" data-e-type=\"widget\" data-widget_type=\"heading.default\">\n\t\t\t\t<div class=\"elementor-widget-container\">\n\t\t\t\t\t<h2 class=\"elementor-heading-title elementor-size-default\">Notre histoire<\/h2>\t\t\t\t<\/div>\n\t\t\t\t<\/div>\n\t\t\t\t\t<\/div>\n\t\t\t\t<\/div>\n\t\t\t\t<\/div>\n\t\t","protected":false},"excerpt":{"rendered":"<p>Mod\u00e8le de d\u00e9veloppement et innovation en mati\u00e8re d&rsquo;alimentation animale MSM a innov\u00e9 la philosophie de l&rsquo;extrusion s\u00e9lective de l&rsquo;amidon gr\u00e2ce \u00e0 un nouveau proc\u00e9d\u00e9 ultra-technologique. En commen\u00e7ant par un grand soin dans la s\u00e9lection des mati\u00e8res premi\u00e8res, elle en est venue \u00e0 proposer une large gamme de produits pour chiens et chats, en constante \u00e9volution [&hellip;]<\/p>\n","protected":false},"author":1,"featured_media":0,"parent":0,"menu_order":0,"comment_status":"closed","ping_status":"closed","template":"","meta":{"_acf_changed":false,"footnotes":""},"class_list":["post-6650","page","type-page","status-publish","hentry"],"acf":[],"_links":{"self":[{"href":"https:\/\/msmpetfood.com\/fr\/wp-json\/wp\/v2\/pages\/6650","targetHints":{"allow":["GET"]}}],"collection":[{"href":"https:\/\/msmpetfood.com\/fr\/wp-json\/wp\/v2\/pages"}],"about":[{"href":"https:\/\/msmpetfood.com\/fr\/wp-json\/wp\/v2\/types\/page"}],"author":[{"embeddable":true,"href":"https:\/\/msmpetfood.com\/fr\/wp-json\/wp\/v2\/users\/1"}],"replies":[{"embeddable":true,"href":"https:\/\/msmpetfood.com\/fr\/wp-json\/wp\/v2\/comments?post=6650"}],"version-history":[{"count":2,"href":"https:\/\/msmpetfood.com\/fr\/wp-json\/wp\/v2\/pages\/6650\/revisions"}],"predecessor-version":[{"id":6653,"href":"https:\/\/msmpetfood.com\/fr\/wp-json\/wp\/v2\/pages\/6650\/revisions\/6653"}],"wp:attachment":[{"href":"https:\/\/msmpetfood.com\/fr\/wp-json\/wp\/v2\/media?parent=6650"}],"curies":[{"name":"wp","href":"https:\/\/api.w.org\/{rel}","templated":true}]}}