{"id":6654,"date":"2025-04-10T08:56:05","date_gmt":"2025-04-10T06:56:05","guid":{"rendered":"https:\/\/msmpetfood.com\/eleveurs\/"},"modified":"2025-11-25T10:32:25","modified_gmt":"2025-11-25T09:32:25","slug":"eleveurs","status":"publish","type":"page","link":"https:\/\/msmpetfood.com\/fr\/eleveurs\/","title":{"rendered":"Eleveurs"},"content":{"rendered":"\t\t<div data-elementor-type=\"wp-page\" data-elementor-id=\"6654\" class=\"elementor elementor-6654 elementor-46\" data-elementor-post-type=\"page\">\n\t\t\t\t<div class=\"elementor-element elementor-element-de087df e-flex e-con-boxed e-con e-parent\" data-id=\"de087df\" data-element_type=\"container\" data-e-type=\"container\" data-settings=\"{&quot;background_background&quot;:&quot;classic&quot;}\">\n\t\t\t\t\t<div class=\"e-con-inner\">\n\t\t\t\t\t<\/div>\n\t\t\t\t<\/div>\n\t\t<div class=\"elementor-element elementor-element-61a1c7a3 e-flex e-con-boxed e-con e-parent\" data-id=\"61a1c7a3\" data-element_type=\"container\" data-e-type=\"container\">\n\t\t\t\t\t<div class=\"e-con-inner\">\n\t\t<div class=\"elementor-element elementor-element-6be184bc e-con-full e-flex e-con e-child\" data-id=\"6be184bc\" data-element_type=\"container\" data-e-type=\"container\">\n\t\t\t\t<div class=\"elementor-element elementor-element-981c485 elementor-widget elementor-widget-image\" data-id=\"981c485\" data-element_type=\"widget\" data-e-type=\"widget\" data-widget_type=\"image.default\">\n\t\t\t\t<div class=\"elementor-widget-container\">\n\t\t\t\t\t\t\t\t\t\t\t\t\t\t\t<img fetchpriority=\"high\" decoding=\"async\" width=\"559\" height=\"333\" src=\"https:\/\/msmpetfood.com\/wp-content\/uploads\/2025\/04\/img-linee-allevatori.webp\" class=\"attachment-full size-full wp-image-1188\" alt=\"Linee allevatori\" srcset=\"https:\/\/msmpetfood.com\/wp-content\/uploads\/2025\/04\/img-linee-allevatori.webp 559w, https:\/\/msmpetfood.com\/wp-content\/uploads\/2025\/04\/img-linee-allevatori-300x179.webp 300w\" sizes=\"(max-width: 559px) 100vw, 559px\" \/>\t\t\t\t\t\t\t\t\t\t\t\t\t\t\t<\/div>\n\t\t\t\t<\/div>\n\t\t\t\t<\/div>\n\t\t<div class=\"elementor-element elementor-element-5d90b182 e-con-full e-flex e-con e-child\" data-id=\"5d90b182\" data-element_type=\"container\" data-e-type=\"container\">\n\t\t\t\t<div class=\"elementor-element elementor-element-6b224673 elementor-widget elementor-widget-heading\" data-id=\"6b224673\" data-element_type=\"widget\" data-e-type=\"widget\" data-widget_type=\"heading.default\">\n\t\t\t\t<div class=\"elementor-widget-container\">\n\t\t\t\t\t<h2 class=\"elementor-heading-title elementor-size-default\">\nLignes d'\u00e9levage<\/h2>\t\t\t\t<\/div>\n\t\t\t\t<\/div>\n\t\t\t\t<div class=\"elementor-element elementor-element-9f2b7ca elementor-widget elementor-widget-text-editor\" data-id=\"9f2b7ca\" data-element_type=\"widget\" data-e-type=\"widget\" data-widget_type=\"text-editor.default\">\n\t\t\t\t<div class=\"elementor-widget-container\">\n\t\t\t\t\t\t\t\t\t<p><strong>MSM Professional et Podium Breeder sont les deux lignes d&rsquo;aliments pour animaux de MSM d\u00e9di\u00e9es aux \u00e9leveurs et aux professionnels <\/strong>qui souhaitent prendre particuli\u00e8rement soin de leurs animaux. Nos produits apportent les nutriments essentiels \u00e0 la sant\u00e9 de vos chiens et chats, de toutes races, tailles et \u00e2ges. <\/p>\t\t\t\t\t\t\t\t<\/div>\n\t\t\t\t<\/div>\n\t\t\t\t<\/div>\n\t\t\t\t\t<\/div>\n\t\t\t\t<\/div>\n\t\t<div class=\"elementor-element elementor-element-1b4d817 e-flex e-con-boxed e-con e-parent\" data-id=\"1b4d817\" data-element_type=\"container\" data-e-type=\"container\">\n\t\t\t\t\t<div class=\"e-con-inner\">\n\t\t<div class=\"elementor-element elementor-element-62341e0 e-con-full e-flex e-con e-child\" data-id=\"62341e0\" data-element_type=\"container\" data-e-type=\"container\" data-settings=\"{&quot;background_background&quot;:&quot;classic&quot;}\">\n\t\t\t\t<div class=\"elementor-element elementor-element-f0403b9 elementor-widget elementor-widget-image\" data-id=\"f0403b9\" data-element_type=\"widget\" data-e-type=\"widget\" data-widget_type=\"image.default\">\n\t\t\t\t<div class=\"elementor-widget-container\">\n\t\t\t\t\t\t\t\t\t\t\t\t\t\t\t\t<a href=\"https:\/\/msmpetfood.com\/fr\/?page_id=6604\">\n\t\t\t\t\t\t\t<img decoding=\"async\" width=\"1000\" height=\"1000\" src=\"https:\/\/msmpetfood.com\/wp-content\/uploads\/2025\/04\/professional-img.webp\" class=\"elementor-animation-grow attachment-full size-full wp-image-1199\" alt=\"Professional packaging\" srcset=\"https:\/\/msmpetfood.com\/wp-content\/uploads\/2025\/04\/professional-img.webp 1000w, https:\/\/msmpetfood.com\/wp-content\/uploads\/2025\/04\/professional-img-300x300.webp 300w, https:\/\/msmpetfood.com\/wp-content\/uploads\/2025\/04\/professional-img-150x150.webp 150w, https:\/\/msmpetfood.com\/wp-content\/uploads\/2025\/04\/professional-img-768x768.webp 768w, https:\/\/msmpetfood.com\/wp-content\/uploads\/2025\/04\/professional-img-600x600.webp 600w, https:\/\/msmpetfood.com\/wp-content\/uploads\/2025\/04\/professional-img-100x100.webp 100w\" sizes=\"(max-width: 1000px) 100vw, 1000px\" \/>\t\t\t\t\t\t\t\t<\/a>\n\t\t\t\t\t\t\t\t\t\t\t\t\t\t\t<\/div>\n\t\t\t\t<\/div>\n\t\t\t\t<div class=\"elementor-element elementor-element-92b9cec elementor-widget elementor-widget-image\" data-id=\"92b9cec\" data-element_type=\"widget\" data-e-type=\"widget\" data-widget_type=\"image.default\">\n\t\t\t\t<div class=\"elementor-widget-container\">\n\t\t\t\t\t\t\t\t\t\t\t\t\t\t\t\t<a href=\"https:\/\/msmpetfood.com\/fr\/?page_id=6604\">\n\t\t\t\t\t\t\t<img decoding=\"async\" width=\"301\" height=\"118\" src=\"https:\/\/msmpetfood.com\/wp-content\/uploads\/2025\/04\/professional-logo.png\" class=\"attachment-full size-full wp-image-1196\" alt=\"Professional logo\" \/>\t\t\t\t\t\t\t\t<\/a>\n\t\t\t\t\t\t\t\t\t\t\t\t\t\t\t<\/div>\n\t\t\t\t<\/div>\n\t\t\t\t<div class=\"elementor-element elementor-element-76e7947a elementor-widget elementor-widget-text-editor\" data-id=\"76e7947a\" data-element_type=\"widget\" data-e-type=\"widget\" data-widget_type=\"text-editor.default\">\n\t\t\t\t<div class=\"elementor-widget-container\">\n\t\t\t\t\t\t\t\t\t<p>Les produits <strong>MSM<\/strong> <strong>Professional<\/strong> sont bas\u00e9s sur notre croquette unique<strong>\u00ab\u00a0Triple Layer<\/strong>\u00ab\u00a0, qui pr\u00e9voit des temps de cuisson diff\u00e9rents pour les diff\u00e9rentes mati\u00e8res premi\u00e8res.<\/p>\t\t\t\t\t\t\t\t<\/div>\n\t\t\t\t<\/div>\n\t\t\t\t<div class=\"elementor-element elementor-element-52eee0ca elementor-align-center elementor-widget elementor-widget-button\" data-id=\"52eee0ca\" data-element_type=\"widget\" data-e-type=\"widget\" data-widget_type=\"button.default\">\n\t\t\t\t<div class=\"elementor-widget-container\">\n\t\t\t\t\t\t\t\t\t<div class=\"elementor-button-wrapper\">\n\t\t\t\t\t<a class=\"elementor-button elementor-button-link elementor-size-sm\" href=\"https:\/\/msmpetfood.com\/fr\/?page_id=6604\">\n\t\t\t\t\t\t<span class=\"elementor-button-content-wrapper\">\n\t\t\t\t\t\t\t\t\t<span class=\"elementor-button-text\">En savoir plus<\/span>\n\t\t\t\t\t<\/span>\n\t\t\t\t\t<\/a>\n\t\t\t\t<\/div>\n\t\t\t\t\t\t\t\t<\/div>\n\t\t\t\t<\/div>\n\t\t\t\t<\/div>\n\t\t<div class=\"elementor-element elementor-element-88b3ef6 e-con-full e-flex e-con e-child\" data-id=\"88b3ef6\" data-element_type=\"container\" data-e-type=\"container\" data-settings=\"{&quot;background_background&quot;:&quot;classic&quot;}\">\n\t\t\t\t<div class=\"elementor-element elementor-element-f912d6e elementor-widget elementor-widget-image\" data-id=\"f912d6e\" data-element_type=\"widget\" data-e-type=\"widget\" data-widget_type=\"image.default\">\n\t\t\t\t<div class=\"elementor-widget-container\">\n\t\t\t\t\t\t\t\t\t\t\t\t\t\t\t\t<a href=\"https:\/\/msmpetfood.com\/fr\/?page_id=6607\">\n\t\t\t\t\t\t\t<img loading=\"lazy\" decoding=\"async\" width=\"1000\" height=\"1000\" src=\"https:\/\/msmpetfood.com\/wp-content\/uploads\/2025\/04\/podium-breeder-img.webp\" class=\"elementor-animation-grow attachment-full size-full wp-image-1198\" alt=\"Podium Breeder packaging\" srcset=\"https:\/\/msmpetfood.com\/wp-content\/uploads\/2025\/04\/podium-breeder-img.webp 1000w, https:\/\/msmpetfood.com\/wp-content\/uploads\/2025\/04\/podium-breeder-img-300x300.webp 300w, https:\/\/msmpetfood.com\/wp-content\/uploads\/2025\/04\/podium-breeder-img-150x150.webp 150w, https:\/\/msmpetfood.com\/wp-content\/uploads\/2025\/04\/podium-breeder-img-768x768.webp 768w, https:\/\/msmpetfood.com\/wp-content\/uploads\/2025\/04\/podium-breeder-img-600x600.webp 600w, https:\/\/msmpetfood.com\/wp-content\/uploads\/2025\/04\/podium-breeder-img-100x100.webp 100w\" sizes=\"(max-width: 1000px) 100vw, 1000px\" \/>\t\t\t\t\t\t\t\t<\/a>\n\t\t\t\t\t\t\t\t\t\t\t\t\t\t\t<\/div>\n\t\t\t\t<\/div>\n\t\t\t\t<div class=\"elementor-element elementor-element-b647eb8 elementor-widget elementor-widget-image\" data-id=\"b647eb8\" data-element_type=\"widget\" data-e-type=\"widget\" data-widget_type=\"image.default\">\n\t\t\t\t<div class=\"elementor-widget-container\">\n\t\t\t\t\t\t\t\t\t\t\t\t\t\t\t\t<a href=\"https:\/\/msmpetfood.com\/fr\/?page_id=6607\">\n\t\t\t\t\t\t\t<img loading=\"lazy\" decoding=\"async\" width=\"212\" height=\"174\" src=\"https:\/\/msmpetfood.com\/wp-content\/uploads\/2025\/04\/podium-breeder-logo.png\" class=\"attachment-full size-full wp-image-1197\" alt=\"Podium Breeder logo\" \/>\t\t\t\t\t\t\t\t<\/a>\n\t\t\t\t\t\t\t\t\t\t\t\t\t\t\t<\/div>\n\t\t\t\t<\/div>\n\t\t\t\t<div class=\"elementor-element elementor-element-8c419d8 elementor-widget elementor-widget-text-editor\" data-id=\"8c419d8\" data-element_type=\"widget\" data-e-type=\"widget\" data-widget_type=\"text-editor.default\">\n\t\t\t\t<div class=\"elementor-widget-container\">\n\t\t\t\t\t\t\t\t\t<p><strong>Podium Breeder<\/strong> est une gamme compl\u00e8te d&rsquo;aliments pour <strong>chiens et chats<\/strong> con\u00e7ue pour r\u00e9pondre aux besoins des<strong>\u00e9leveurs professionnels<\/strong>.<\/p>\t\t\t\t\t\t\t\t<\/div>\n\t\t\t\t<\/div>\n\t\t\t\t<div class=\"elementor-element elementor-element-88b17f6 elementor-align-center elementor-widget elementor-widget-button\" data-id=\"88b17f6\" data-element_type=\"widget\" data-e-type=\"widget\" data-widget_type=\"button.default\">\n\t\t\t\t<div class=\"elementor-widget-container\">\n\t\t\t\t\t\t\t\t\t<div class=\"elementor-button-wrapper\">\n\t\t\t\t\t<a class=\"elementor-button elementor-button-link elementor-size-sm\" href=\"https:\/\/msmpetfood.com\/fr\/?page_id=6607\">\n\t\t\t\t\t\t<span class=\"elementor-button-content-wrapper\">\n\t\t\t\t\t\t\t\t\t<span class=\"elementor-button-text\">En savoir plus<\/span>\n\t\t\t\t\t<\/span>\n\t\t\t\t\t<\/a>\n\t\t\t\t<\/div>\n\t\t\t\t\t\t\t\t<\/div>\n\t\t\t\t<\/div>\n\t\t\t\t<\/div>\n\t\t\t\t\t<\/div>\n\t\t\t\t<\/div>\n\t\t\t\t<\/div>\n\t\t","protected":false},"excerpt":{"rendered":"<p>Lignes d&rsquo;\u00e9levage MSM Professional et Podium Breeder sont les deux lignes d&rsquo;aliments pour animaux de MSM d\u00e9di\u00e9es aux \u00e9leveurs et aux professionnels qui souhaitent prendre particuli\u00e8rement soin de leurs animaux. Nos produits apportent les nutriments essentiels \u00e0 la sant\u00e9 de vos chiens et chats, de toutes races, tailles et \u00e2ges. Les produits MSM Professional sont [&hellip;]<\/p>\n","protected":false},"author":1,"featured_media":0,"parent":0,"menu_order":0,"comment_status":"closed","ping_status":"closed","template":"","meta":{"_acf_changed":false,"footnotes":""},"class_list":["post-6654","page","type-page","status-publish","hentry"],"acf":[],"_links":{"self":[{"href":"https:\/\/msmpetfood.com\/fr\/wp-json\/wp\/v2\/pages\/6654","targetHints":{"allow":["GET"]}}],"collection":[{"href":"https:\/\/msmpetfood.com\/fr\/wp-json\/wp\/v2\/pages"}],"about":[{"href":"https:\/\/msmpetfood.com\/fr\/wp-json\/wp\/v2\/types\/page"}],"author":[{"embeddable":true,"href":"https:\/\/msmpetfood.com\/fr\/wp-json\/wp\/v2\/users\/1"}],"replies":[{"embeddable":true,"href":"https:\/\/msmpetfood.com\/fr\/wp-json\/wp\/v2\/comments?post=6654"}],"version-history":[{"count":2,"href":"https:\/\/msmpetfood.com\/fr\/wp-json\/wp\/v2\/pages\/6654\/revisions"}],"predecessor-version":[{"id":6656,"href":"https:\/\/msmpetfood.com\/fr\/wp-json\/wp\/v2\/pages\/6654\/revisions\/6656"}],"wp:attachment":[{"href":"https:\/\/msmpetfood.com\/fr\/wp-json\/wp\/v2\/media?parent=6654"}],"curies":[{"name":"wp","href":"https:\/\/api.w.org\/{rel}","templated":true}]}}