{"id":6657,"date":"2025-04-10T08:56:49","date_gmt":"2025-04-10T06:56:49","guid":{"rendered":"https:\/\/msmpetfood.com\/pettys\/"},"modified":"2025-11-25T15:29:21","modified_gmt":"2025-11-25T14:29:21","slug":"pettys","status":"publish","type":"page","link":"https:\/\/msmpetfood.com\/fr\/pettys\/","title":{"rendered":"Pettys"},"content":{"rendered":"\t\t<div data-elementor-type=\"wp-page\" data-elementor-id=\"6657\" class=\"elementor elementor-6657 elementor-48\" data-elementor-post-type=\"page\">\n\t\t\t\t<div class=\"elementor-element elementor-element-5c533a57 e-flex e-con-boxed e-con e-parent\" data-id=\"5c533a57\" data-element_type=\"container\" data-e-type=\"container\" data-settings=\"{&quot;background_background&quot;:&quot;classic&quot;}\">\n\t\t\t\t\t<div class=\"e-con-inner\">\n\t\t\t\t<div class=\"elementor-element elementor-element-d71a68f elementor-widget elementor-widget-image\" data-id=\"d71a68f\" data-element_type=\"widget\" data-e-type=\"widget\" data-widget_type=\"image.default\">\n\t\t\t\t<div class=\"elementor-widget-container\">\n\t\t\t\t\t\t\t\t\t\t\t\t\t\t\t<img decoding=\"async\" src=\"https:\/\/msmpetfood.com\/wp-content\/uploads\/2025\/04\/hero-pettys.webp\" title=\"Pettys Linea\" alt=\"Pettys Linea\" loading=\"lazy\" \/>\t\t\t\t\t\t\t\t\t\t\t\t\t\t\t<\/div>\n\t\t\t\t<\/div>\n\t\t\t\t\t<\/div>\n\t\t\t\t<\/div>\n\t\t<div class=\"elementor-element elementor-element-5a3b165b e-flex e-con-boxed e-con e-parent\" data-id=\"5a3b165b\" data-element_type=\"container\" data-e-type=\"container\">\n\t\t\t\t\t<div class=\"e-con-inner\">\n\t\t<div class=\"elementor-element elementor-element-51e170f1 e-con-full e-flex e-con e-child\" data-id=\"51e170f1\" data-element_type=\"container\" data-e-type=\"container\">\n\t\t\t\t<div class=\"elementor-element elementor-element-551cc1b9 elementor-widget elementor-widget-image\" data-id=\"551cc1b9\" data-element_type=\"widget\" data-e-type=\"widget\" data-widget_type=\"image.default\">\n\t\t\t\t<div class=\"elementor-widget-container\">\n\t\t\t\t\t\t\t\t\t\t\t\t\t\t\t<img fetchpriority=\"high\" decoding=\"async\" width=\"2560\" height=\"924\" src=\"https:\/\/msmpetfood.com\/wp-content\/uploads\/2025\/08\/Pettys_logo-scaled.webp\" class=\"attachment-full size-full wp-image-6162\" alt=\"Pettys Logo\" srcset=\"https:\/\/msmpetfood.com\/wp-content\/uploads\/2025\/08\/Pettys_logo-scaled.webp 2560w, https:\/\/msmpetfood.com\/wp-content\/uploads\/2025\/08\/Pettys_logo-300x108.webp 300w, https:\/\/msmpetfood.com\/wp-content\/uploads\/2025\/08\/Pettys_logo-1024x370.webp 1024w, https:\/\/msmpetfood.com\/wp-content\/uploads\/2025\/08\/Pettys_logo-768x277.webp 768w, https:\/\/msmpetfood.com\/wp-content\/uploads\/2025\/08\/Pettys_logo-1536x554.webp 1536w, https:\/\/msmpetfood.com\/wp-content\/uploads\/2025\/08\/Pettys_logo-2048x739.webp 2048w, https:\/\/msmpetfood.com\/wp-content\/uploads\/2025\/08\/Pettys_logo-600x217.webp 600w\" sizes=\"(max-width: 2560px) 100vw, 2560px\" \/>\t\t\t\t\t\t\t\t\t\t\t\t\t\t\t<\/div>\n\t\t\t\t<\/div>\n\t\t\t\t<\/div>\n\t\t<div class=\"elementor-element elementor-element-6a824281 e-con-full e-flex e-con e-child\" data-id=\"6a824281\" data-element_type=\"container\" data-e-type=\"container\">\n\t\t\t\t<div class=\"elementor-element elementor-element-72a00b0 elementor-widget elementor-widget-text-editor\" data-id=\"72a00b0\" data-element_type=\"widget\" data-e-type=\"widget\" data-widget_type=\"text-editor.default\">\n\t\t\t\t<div class=\"elementor-widget-container\">\n\t\t\t\t\t\t\t\t\t<p>PETTYS est la gamme Super Premium, compos\u00e9e de produits de haute qualit\u00e9 aux caract\u00e9ristiques uniques. Pettys est une gamme d&rsquo;aliments <g id=\"gid_0\"><g id=\"gid_1\">d&rsquo;aliments sains, complets et \u00e9quilibr\u00e9s sur le plan nutritionnel<\/g><\/g> qui contiennent des ingr\u00e9dients am\u00e9liorant le bien-\u00eatre et l&rsquo;\u00e9quilibre corporel de l&rsquo;animal. Les recettes sont con\u00e7ues pour r\u00e9pondre aux go\u00fbts et aux besoins des animaux de toutes tailles et de tous \u00e2ges.  <\/p>\t\t\t\t\t\t\t\t<\/div>\n\t\t\t\t<\/div>\n\t\t\t\t<div class=\"elementor-element elementor-element-e302163 elementor-align-left elementor-widget elementor-widget-button\" data-id=\"e302163\" data-element_type=\"widget\" data-e-type=\"widget\" data-widget_type=\"button.default\">\n\t\t\t\t<div class=\"elementor-widget-container\">\n\t\t\t\t\t\t\t\t\t<div class=\"elementor-button-wrapper\">\n\t\t\t\t\t<a class=\"elementor-button elementor-button-link elementor-size-sm\" href=\"https:\/\/msmpetfood.com\/wp-content\/uploads\/2025\/11\/MSM_SchedaTecnica_Pettys_FRA.pdf\">\n\t\t\t\t\t\t<span class=\"elementor-button-content-wrapper\">\n\t\t\t\t\t\t\t\t\t<span class=\"elementor-button-text\">Fiches produits<\/span>\n\t\t\t\t\t<\/span>\n\t\t\t\t\t<\/a>\n\t\t\t\t<\/div>\n\t\t\t\t\t\t\t\t<\/div>\n\t\t\t\t<\/div>\n\t\t\t\t<\/div>\n\t\t\t\t\t<\/div>\n\t\t\t\t<\/div>\n\t\t<div class=\"elementor-element elementor-element-32729180 e-flex e-con-boxed e-con e-parent\" data-id=\"32729180\" data-element_type=\"container\" data-e-type=\"container\">\n\t\t\t\t\t<div class=\"e-con-inner\">\n\t\t\t\t<div class=\"elementor-element elementor-element-b979402 elementor-grid-3 elementor-grid-tablet-2 elementor-grid-mobile-1 elementor-widget elementor-widget-loop-grid\" data-id=\"b979402\" data-element_type=\"widget\" data-e-type=\"widget\" data-settings=\"{&quot;template_id&quot;:6752,&quot;row_gap&quot;:{&quot;unit&quot;:&quot;px&quot;,&quot;size&quot;:15,&quot;sizes&quot;:[]},&quot;_skin&quot;:&quot;post&quot;,&quot;columns&quot;:&quot;3&quot;,&quot;columns_tablet&quot;:&quot;2&quot;,&quot;columns_mobile&quot;:&quot;1&quot;,&quot;edit_handle_selector&quot;:&quot;[data-elementor-type=\\&quot;loop-item\\&quot;]&quot;,&quot;row_gap_tablet&quot;:{&quot;unit&quot;:&quot;px&quot;,&quot;size&quot;:&quot;&quot;,&quot;sizes&quot;:[]},&quot;row_gap_mobile&quot;:{&quot;unit&quot;:&quot;px&quot;,&quot;size&quot;:&quot;&quot;,&quot;sizes&quot;:[]}}\" data-widget_type=\"loop-grid.post\">\n\t\t\t\t<div class=\"elementor-widget-container\">\n\t\t\t\t\t\t\t<div class=\"elementor-loop-container elementor-grid\" role=\"list\">\n\t\t<style id=\"loop-6752\">.elementor-6752 .elementor-element.elementor-element-5b2867fd{--display:flex;--gap:0px 0px;--row-gap:0px;--column-gap:0px;--background-transition:0.6s;border-style:solid;--border-style:solid;border-width:1px 1px 1px 1px;--border-top-width:1px;--border-right-width:1px;--border-bottom-width:1px;--border-left-width:1px;border-color:var( --e-global-color-secondary );--border-color:var( --e-global-color-secondary );--border-radius:8px 8px 8px 8px;--padding-top:10px;--padding-bottom:10px;--padding-left:10px;--padding-right:10px;}.elementor-6752 .elementor-element.elementor-element-5b2867fd:not(.elementor-motion-effects-element-type-background), .elementor-6752 .elementor-element.elementor-element-5b2867fd > .elementor-motion-effects-container > .elementor-motion-effects-layer{background-color:var( --e-global-color-text );}.elementor-6752 .elementor-element.elementor-element-5b2867fd:hover{background-color:#D8DDE878;}.elementor-widget-image .widget-image-caption{color:var( --e-global-color-text );font-family:var( --e-global-typography-text-font-family ), Sans-serif;font-weight:var( --e-global-typography-text-font-weight );}.elementor-widget-heading .elementor-heading-title{font-family:var( --e-global-typography-primary-font-family ), Sans-serif;font-weight:var( --e-global-typography-primary-font-weight );color:var( --e-global-color-primary );}.elementor-6752 .elementor-element.elementor-element-3ea55df8{text-align:center;}.elementor-6752 .elementor-element.elementor-element-3ea55df8 .elementor-heading-title{font-family:\"Oxanium\", Sans-serif;font-size:24px;font-weight:600;}.elementor-6752 .elementor-element.elementor-element-3ea55df8 > .elementor-widget-container{margin:0px 0px 0px 0px;padding:20px 30px 0px 30px;}.elementor-widget-button .elementor-button{font-family:var( --e-global-typography-accent-font-family ), Sans-serif;font-weight:var( --e-global-typography-accent-font-weight );background-color:var( --e-global-color-accent );}.elementor-6752 .elementor-element.elementor-element-e91fa96 .elementor-button{font-family:\"Oxanium\", Sans-serif;font-size:15px;font-weight:500;fill:var( --e-global-color-1a2ced7 );color:var( --e-global-color-1a2ced7 );background-color:var( --e-global-color-03daec5 );border-style:solid;border-width:1px 1px 1px 1px;border-color:var( --e-global-color-1a2ced7 );border-radius:50px 50px 50px 50px;padding:8px 18px 8px 18px;}.elementor-6752 .elementor-element.elementor-element-e91fa96 .elementor-button:hover, .elementor-6752 .elementor-element.elementor-element-e91fa96 .elementor-button:focus{color:var( --e-global-color-text );background-color:var( --e-global-color-1a2ced7 );border-color:var( --e-global-color-1a2ced7 );}.elementor-6752 .elementor-element.elementor-element-e91fa96 .elementor-button:hover svg, .elementor-6752 .elementor-element.elementor-element-e91fa96 .elementor-button:focus svg{fill:var( --e-global-color-text );}.elementor-6752 .elementor-element.elementor-element-e91fa96 > .elementor-widget-container{margin:0px 0px 0px 0px;padding:20px 0px 0px 0px;}\/* Start custom CSS for container, class: .elementor-element-5b2867fd *\/[data-id=\"5b2867fd\"]:hover .elementor-widget-button .elementor-button,\n.elementor-element-483c1a6a:hover .elementor-widget-button .elementor-button {\n    background-color: #95A3C1 !important; \n    border: 1px solid #95A3C1 !important;\n    color: #FFFFFF !important;\n    transition: all 0.6s ease !important;\n}\/* End custom CSS *\/<\/style>\t\t<div data-elementor-type=\"loop-item\" data-elementor-id=\"6752\" class=\"elementor elementor-6752 elementor-422 elementor-422 e-loop-item e-loop-item-6665 post-6665 product type-product status-publish has-post-thumbnail product_cat-pettys product_cat-poulet first instock shipping-taxable product-type-external\" data-elementor-post-type=\"elementor_library\" data-custom-edit-handle=\"1\">\n\t\t\t<div class=\"elementor-element elementor-element-5b2867fd e-con-full e-flex e-con e-child\" data-id=\"5b2867fd\" data-element_type=\"container\" data-e-type=\"container\" data-settings=\"{&quot;background_background&quot;:&quot;classic&quot;}\">\n\t\t\t\t<div class=\"elementor-element elementor-element-3e942446 elementor-widget elementor-widget-image\" data-id=\"3e942446\" data-element_type=\"widget\" data-e-type=\"widget\" data-widget_type=\"image.default\">\n\t\t\t\t<div class=\"elementor-widget-container\">\n\t\t\t\t\t\t\t\t\t\t\t\t\t\t\t\t<a href=\"https:\/\/msmpetfood.com\/fr\/prodotto\/pettys-mini-adultes-poulet\/\">\n\t\t\t\t\t\t\t<img decoding=\"async\" width=\"1000\" height=\"1000\" src=\"https:\/\/msmpetfood.com\/wp-content\/uploads\/2025\/04\/MSM_Pettys_MiniAdult_Chicken_1-5Kg.webp\" class=\"attachment-full size-full wp-image-6667\" alt=\"Pettys Mini Adult Pollo\" srcset=\"https:\/\/msmpetfood.com\/wp-content\/uploads\/2025\/04\/MSM_Pettys_MiniAdult_Chicken_1-5Kg.webp 1000w, https:\/\/msmpetfood.com\/wp-content\/uploads\/2025\/04\/MSM_Pettys_MiniAdult_Chicken_1-5Kg-300x300.webp 300w, https:\/\/msmpetfood.com\/wp-content\/uploads\/2025\/04\/MSM_Pettys_MiniAdult_Chicken_1-5Kg-150x150.webp 150w, https:\/\/msmpetfood.com\/wp-content\/uploads\/2025\/04\/MSM_Pettys_MiniAdult_Chicken_1-5Kg-768x768.webp 768w, https:\/\/msmpetfood.com\/wp-content\/uploads\/2025\/04\/MSM_Pettys_MiniAdult_Chicken_1-5Kg-600x600.webp 600w, https:\/\/msmpetfood.com\/wp-content\/uploads\/2025\/04\/MSM_Pettys_MiniAdult_Chicken_1-5Kg-100x100.webp 100w\" sizes=\"(max-width: 1000px) 100vw, 1000px\" \/>\t\t\t\t\t\t\t\t<\/a>\n\t\t\t\t\t\t\t\t\t\t\t\t\t\t\t<\/div>\n\t\t\t\t<\/div>\n\t\t\t\t<div class=\"elementor-element elementor-element-3ea55df8 elementor-widget elementor-widget-heading\" data-id=\"3ea55df8\" data-element_type=\"widget\" data-e-type=\"widget\" data-widget_type=\"heading.default\">\n\t\t\t\t<div class=\"elementor-widget-container\">\n\t\t\t\t\t<h2 class=\"elementor-heading-title elementor-size-default\">Pettys Mini Adultes Poulet<\/h2>\t\t\t\t<\/div>\n\t\t\t\t<\/div>\n\t\t\t\t<div class=\"elementor-element elementor-element-e91fa96 elementor-align-center elementor-widget elementor-widget-button\" data-id=\"e91fa96\" data-element_type=\"widget\" data-e-type=\"widget\" data-widget_type=\"button.default\">\n\t\t\t\t<div class=\"elementor-widget-container\">\n\t\t\t\t\t\t\t\t\t<div class=\"elementor-button-wrapper\">\n\t\t\t\t\t<a class=\"elementor-button elementor-button-link elementor-size-sm\" href=\"https:\/\/msmpetfood.com\/fr\/prodotto\/pettys-mini-adultes-poulet\/\">\n\t\t\t\t\t\t<span class=\"elementor-button-content-wrapper\">\n\t\t\t\t\t\t\t\t\t<span class=\"elementor-button-text\">D\u00e9couvrez<\/span>\n\t\t\t\t\t<\/span>\n\t\t\t\t\t<\/a>\n\t\t\t\t<\/div>\n\t\t\t\t\t\t\t\t<\/div>\n\t\t\t\t<\/div>\n\t\t\t\t<\/div>\n\t\t\t\t<\/div>\n\t\t\t\t<div data-elementor-type=\"loop-item\" data-elementor-id=\"6752\" class=\"elementor elementor-6752 elementor-422 elementor-422 e-loop-item e-loop-item-6672 post-6672 product type-product status-publish has-post-thumbnail product_cat-chiot product_cat-pettys  instock shipping-taxable product-type-external\" data-elementor-post-type=\"elementor_library\" data-custom-edit-handle=\"1\">\n\t\t\t<div class=\"elementor-element elementor-element-5b2867fd e-con-full e-flex e-con e-child\" data-id=\"5b2867fd\" data-element_type=\"container\" data-e-type=\"container\" data-settings=\"{&quot;background_background&quot;:&quot;classic&quot;}\">\n\t\t\t\t<div class=\"elementor-element elementor-element-3e942446 elementor-widget elementor-widget-image\" data-id=\"3e942446\" data-element_type=\"widget\" data-e-type=\"widget\" data-widget_type=\"image.default\">\n\t\t\t\t<div class=\"elementor-widget-container\">\n\t\t\t\t\t\t\t\t\t\t\t\t\t\t\t\t<a href=\"https:\/\/msmpetfood.com\/fr\/prodotto\/pettys-all-breeds-puppy-chicken-poulet-pour-chiots-de-toutes-races\/\">\n\t\t\t\t\t\t\t<img decoding=\"async\" width=\"1000\" height=\"1000\" src=\"https:\/\/msmpetfood.com\/wp-content\/uploads\/2025\/04\/MSM_Pettys_Puppy_Chicken_12Kg.webp\" class=\"attachment-full size-full wp-image-6675\" alt=\"Pettys All Breeds Puppy Pollo\" srcset=\"https:\/\/msmpetfood.com\/wp-content\/uploads\/2025\/04\/MSM_Pettys_Puppy_Chicken_12Kg.webp 1000w, https:\/\/msmpetfood.com\/wp-content\/uploads\/2025\/04\/MSM_Pettys_Puppy_Chicken_12Kg-300x300.webp 300w, https:\/\/msmpetfood.com\/wp-content\/uploads\/2025\/04\/MSM_Pettys_Puppy_Chicken_12Kg-150x150.webp 150w, https:\/\/msmpetfood.com\/wp-content\/uploads\/2025\/04\/MSM_Pettys_Puppy_Chicken_12Kg-768x768.webp 768w, https:\/\/msmpetfood.com\/wp-content\/uploads\/2025\/04\/MSM_Pettys_Puppy_Chicken_12Kg-600x600.webp 600w, https:\/\/msmpetfood.com\/wp-content\/uploads\/2025\/04\/MSM_Pettys_Puppy_Chicken_12Kg-100x100.webp 100w\" sizes=\"(max-width: 1000px) 100vw, 1000px\" \/>\t\t\t\t\t\t\t\t<\/a>\n\t\t\t\t\t\t\t\t\t\t\t\t\t\t\t<\/div>\n\t\t\t\t<\/div>\n\t\t\t\t<div class=\"elementor-element elementor-element-3ea55df8 elementor-widget elementor-widget-heading\" data-id=\"3ea55df8\" data-element_type=\"widget\" data-e-type=\"widget\" data-widget_type=\"heading.default\">\n\t\t\t\t<div class=\"elementor-widget-container\">\n\t\t\t\t\t<h2 class=\"elementor-heading-title elementor-size-default\">Pettys All Breeds Puppy Chicken (Poulet pour chiots de toutes races)<\/h2>\t\t\t\t<\/div>\n\t\t\t\t<\/div>\n\t\t\t\t<div class=\"elementor-element elementor-element-e91fa96 elementor-align-center elementor-widget elementor-widget-button\" data-id=\"e91fa96\" data-element_type=\"widget\" data-e-type=\"widget\" data-widget_type=\"button.default\">\n\t\t\t\t<div class=\"elementor-widget-container\">\n\t\t\t\t\t\t\t\t\t<div class=\"elementor-button-wrapper\">\n\t\t\t\t\t<a class=\"elementor-button elementor-button-link elementor-size-sm\" href=\"https:\/\/msmpetfood.com\/fr\/prodotto\/pettys-all-breeds-puppy-chicken-poulet-pour-chiots-de-toutes-races\/\">\n\t\t\t\t\t\t<span class=\"elementor-button-content-wrapper\">\n\t\t\t\t\t\t\t\t\t<span class=\"elementor-button-text\">D\u00e9couvrez<\/span>\n\t\t\t\t\t<\/span>\n\t\t\t\t\t<\/a>\n\t\t\t\t<\/div>\n\t\t\t\t\t\t\t\t<\/div>\n\t\t\t\t<\/div>\n\t\t\t\t<\/div>\n\t\t\t\t<\/div>\n\t\t\t\t<div data-elementor-type=\"loop-item\" data-elementor-id=\"6752\" class=\"elementor elementor-6752 elementor-422 elementor-422 e-loop-item e-loop-item-6669 post-6669 product type-product status-publish has-post-thumbnail product_cat-pettys product_cat-poulet  instock shipping-taxable product-type-external\" data-elementor-post-type=\"elementor_library\" data-custom-edit-handle=\"1\">\n\t\t\t<div class=\"elementor-element elementor-element-5b2867fd e-con-full e-flex e-con e-child\" data-id=\"5b2867fd\" data-element_type=\"container\" data-e-type=\"container\" data-settings=\"{&quot;background_background&quot;:&quot;classic&quot;}\">\n\t\t\t\t<div class=\"elementor-element elementor-element-3e942446 elementor-widget elementor-widget-image\" data-id=\"3e942446\" data-element_type=\"widget\" data-e-type=\"widget\" data-widget_type=\"image.default\">\n\t\t\t\t<div class=\"elementor-widget-container\">\n\t\t\t\t\t\t\t\t\t\t\t\t\t\t\t\t<a href=\"https:\/\/msmpetfood.com\/fr\/prodotto\/pettys-maxi-adulte-poulet\/\">\n\t\t\t\t\t\t\t<img loading=\"lazy\" decoding=\"async\" width=\"1000\" height=\"1000\" src=\"https:\/\/msmpetfood.com\/wp-content\/uploads\/2025\/04\/MSM_Pettys_MaxiAdult_Chicken_12Kg.webp\" class=\"attachment-full size-full wp-image-6671\" alt=\"Pettys Maxi Adult Pollo\" srcset=\"https:\/\/msmpetfood.com\/wp-content\/uploads\/2025\/04\/MSM_Pettys_MaxiAdult_Chicken_12Kg.webp 1000w, https:\/\/msmpetfood.com\/wp-content\/uploads\/2025\/04\/MSM_Pettys_MaxiAdult_Chicken_12Kg-300x300.webp 300w, https:\/\/msmpetfood.com\/wp-content\/uploads\/2025\/04\/MSM_Pettys_MaxiAdult_Chicken_12Kg-150x150.webp 150w, https:\/\/msmpetfood.com\/wp-content\/uploads\/2025\/04\/MSM_Pettys_MaxiAdult_Chicken_12Kg-768x768.webp 768w, https:\/\/msmpetfood.com\/wp-content\/uploads\/2025\/04\/MSM_Pettys_MaxiAdult_Chicken_12Kg-600x600.webp 600w, https:\/\/msmpetfood.com\/wp-content\/uploads\/2025\/04\/MSM_Pettys_MaxiAdult_Chicken_12Kg-100x100.webp 100w\" sizes=\"(max-width: 1000px) 100vw, 1000px\" \/>\t\t\t\t\t\t\t\t<\/a>\n\t\t\t\t\t\t\t\t\t\t\t\t\t\t\t<\/div>\n\t\t\t\t<\/div>\n\t\t\t\t<div class=\"elementor-element elementor-element-3ea55df8 elementor-widget elementor-widget-heading\" data-id=\"3ea55df8\" data-element_type=\"widget\" data-e-type=\"widget\" data-widget_type=\"heading.default\">\n\t\t\t\t<div class=\"elementor-widget-container\">\n\t\t\t\t\t<h2 class=\"elementor-heading-title elementor-size-default\">Pettys Maxi Adulte Poulet<\/h2>\t\t\t\t<\/div>\n\t\t\t\t<\/div>\n\t\t\t\t<div class=\"elementor-element elementor-element-e91fa96 elementor-align-center elementor-widget elementor-widget-button\" data-id=\"e91fa96\" data-element_type=\"widget\" data-e-type=\"widget\" data-widget_type=\"button.default\">\n\t\t\t\t<div class=\"elementor-widget-container\">\n\t\t\t\t\t\t\t\t\t<div class=\"elementor-button-wrapper\">\n\t\t\t\t\t<a class=\"elementor-button elementor-button-link elementor-size-sm\" href=\"https:\/\/msmpetfood.com\/fr\/prodotto\/pettys-maxi-adulte-poulet\/\">\n\t\t\t\t\t\t<span class=\"elementor-button-content-wrapper\">\n\t\t\t\t\t\t\t\t\t<span class=\"elementor-button-text\">D\u00e9couvrez<\/span>\n\t\t\t\t\t<\/span>\n\t\t\t\t\t<\/a>\n\t\t\t\t<\/div>\n\t\t\t\t\t\t\t\t<\/div>\n\t\t\t\t<\/div>\n\t\t\t\t<\/div>\n\t\t\t\t<\/div>\n\t\t\t\t<div data-elementor-type=\"loop-item\" data-elementor-id=\"6752\" class=\"elementor elementor-6752 elementor-422 elementor-422 e-loop-item e-loop-item-6673 post-6673 product type-product status-publish has-post-thumbnail product_cat-pettys product_cat-poulet last instock shipping-taxable product-type-external\" data-elementor-post-type=\"elementor_library\" data-custom-edit-handle=\"1\">\n\t\t\t<div class=\"elementor-element elementor-element-5b2867fd e-con-full e-flex e-con e-child\" data-id=\"5b2867fd\" data-element_type=\"container\" data-e-type=\"container\" data-settings=\"{&quot;background_background&quot;:&quot;classic&quot;}\">\n\t\t\t\t<div class=\"elementor-element elementor-element-3e942446 elementor-widget elementor-widget-image\" data-id=\"3e942446\" data-element_type=\"widget\" data-e-type=\"widget\" data-widget_type=\"image.default\">\n\t\t\t\t<div class=\"elementor-widget-container\">\n\t\t\t\t\t\t\t\t\t\t\t\t\t\t\t\t<a href=\"https:\/\/msmpetfood.com\/fr\/prodotto\/pettys-medium-adult-chicken\/\">\n\t\t\t\t\t\t\t<img loading=\"lazy\" decoding=\"async\" width=\"1000\" height=\"1000\" src=\"https:\/\/msmpetfood.com\/wp-content\/uploads\/2025\/04\/MSM_Pettys_Chicken_12Kg.webp\" class=\"attachment-full size-full wp-image-6674\" alt=\"Pettys Medium Adult Pollo\" srcset=\"https:\/\/msmpetfood.com\/wp-content\/uploads\/2025\/04\/MSM_Pettys_Chicken_12Kg.webp 1000w, https:\/\/msmpetfood.com\/wp-content\/uploads\/2025\/04\/MSM_Pettys_Chicken_12Kg-300x300.webp 300w, https:\/\/msmpetfood.com\/wp-content\/uploads\/2025\/04\/MSM_Pettys_Chicken_12Kg-150x150.webp 150w, https:\/\/msmpetfood.com\/wp-content\/uploads\/2025\/04\/MSM_Pettys_Chicken_12Kg-768x768.webp 768w, https:\/\/msmpetfood.com\/wp-content\/uploads\/2025\/04\/MSM_Pettys_Chicken_12Kg-600x600.webp 600w, https:\/\/msmpetfood.com\/wp-content\/uploads\/2025\/04\/MSM_Pettys_Chicken_12Kg-100x100.webp 100w\" sizes=\"(max-width: 1000px) 100vw, 1000px\" \/>\t\t\t\t\t\t\t\t<\/a>\n\t\t\t\t\t\t\t\t\t\t\t\t\t\t\t<\/div>\n\t\t\t\t<\/div>\n\t\t\t\t<div class=\"elementor-element elementor-element-3ea55df8 elementor-widget elementor-widget-heading\" data-id=\"3ea55df8\" data-element_type=\"widget\" data-e-type=\"widget\" data-widget_type=\"heading.default\">\n\t\t\t\t<div class=\"elementor-widget-container\">\n\t\t\t\t\t<h2 class=\"elementor-heading-title elementor-size-default\">Pettys Medium Adult Chicken<\/h2>\t\t\t\t<\/div>\n\t\t\t\t<\/div>\n\t\t\t\t<div class=\"elementor-element elementor-element-e91fa96 elementor-align-center elementor-widget elementor-widget-button\" data-id=\"e91fa96\" data-element_type=\"widget\" data-e-type=\"widget\" data-widget_type=\"button.default\">\n\t\t\t\t<div class=\"elementor-widget-container\">\n\t\t\t\t\t\t\t\t\t<div class=\"elementor-button-wrapper\">\n\t\t\t\t\t<a class=\"elementor-button elementor-button-link elementor-size-sm\" href=\"https:\/\/msmpetfood.com\/fr\/prodotto\/pettys-medium-adult-chicken\/\">\n\t\t\t\t\t\t<span class=\"elementor-button-content-wrapper\">\n\t\t\t\t\t\t\t\t\t<span class=\"elementor-button-text\">D\u00e9couvrez<\/span>\n\t\t\t\t\t<\/span>\n\t\t\t\t\t<\/a>\n\t\t\t\t<\/div>\n\t\t\t\t\t\t\t\t<\/div>\n\t\t\t\t<\/div>\n\t\t\t\t<\/div>\n\t\t\t\t<\/div>\n\t\t\t\t<div data-elementor-type=\"loop-item\" data-elementor-id=\"6752\" class=\"elementor elementor-6752 elementor-422 elementor-422 e-loop-item e-loop-item-6661 post-6661 product type-product status-publish has-post-thumbnail product_cat-pettys product_cat-poisson first instock shipping-taxable product-type-external\" data-elementor-post-type=\"elementor_library\" data-custom-edit-handle=\"1\">\n\t\t\t<div class=\"elementor-element elementor-element-5b2867fd e-con-full e-flex e-con e-child\" data-id=\"5b2867fd\" data-element_type=\"container\" data-e-type=\"container\" data-settings=\"{&quot;background_background&quot;:&quot;classic&quot;}\">\n\t\t\t\t<div class=\"elementor-element elementor-element-3e942446 elementor-widget elementor-widget-image\" data-id=\"3e942446\" data-element_type=\"widget\" data-e-type=\"widget\" data-widget_type=\"image.default\">\n\t\t\t\t<div class=\"elementor-widget-container\">\n\t\t\t\t\t\t\t\t\t\t\t\t\t\t\t\t<a href=\"https:\/\/msmpetfood.com\/fr\/prodotto\/pettys-all-breeds-adult-fish\/\">\n\t\t\t\t\t\t\t<img loading=\"lazy\" decoding=\"async\" width=\"1000\" height=\"1000\" src=\"https:\/\/msmpetfood.com\/wp-content\/uploads\/2025\/04\/MSM_Pettys_Fish_12Kg.webp\" class=\"attachment-full size-full wp-image-6663\" alt=\"Pettys All Breeds Adult Pesce\" srcset=\"https:\/\/msmpetfood.com\/wp-content\/uploads\/2025\/04\/MSM_Pettys_Fish_12Kg.webp 1000w, https:\/\/msmpetfood.com\/wp-content\/uploads\/2025\/04\/MSM_Pettys_Fish_12Kg-300x300.webp 300w, https:\/\/msmpetfood.com\/wp-content\/uploads\/2025\/04\/MSM_Pettys_Fish_12Kg-150x150.webp 150w, https:\/\/msmpetfood.com\/wp-content\/uploads\/2025\/04\/MSM_Pettys_Fish_12Kg-768x768.webp 768w, https:\/\/msmpetfood.com\/wp-content\/uploads\/2025\/04\/MSM_Pettys_Fish_12Kg-600x600.webp 600w, https:\/\/msmpetfood.com\/wp-content\/uploads\/2025\/04\/MSM_Pettys_Fish_12Kg-100x100.webp 100w\" sizes=\"(max-width: 1000px) 100vw, 1000px\" \/>\t\t\t\t\t\t\t\t<\/a>\n\t\t\t\t\t\t\t\t\t\t\t\t\t\t\t<\/div>\n\t\t\t\t<\/div>\n\t\t\t\t<div class=\"elementor-element elementor-element-3ea55df8 elementor-widget elementor-widget-heading\" data-id=\"3ea55df8\" data-element_type=\"widget\" data-e-type=\"widget\" data-widget_type=\"heading.default\">\n\t\t\t\t<div class=\"elementor-widget-container\">\n\t\t\t\t\t<h2 class=\"elementor-heading-title elementor-size-default\">Pettys All Breeds Adult Fish<\/h2>\t\t\t\t<\/div>\n\t\t\t\t<\/div>\n\t\t\t\t<div class=\"elementor-element elementor-element-e91fa96 elementor-align-center elementor-widget elementor-widget-button\" data-id=\"e91fa96\" data-element_type=\"widget\" data-e-type=\"widget\" data-widget_type=\"button.default\">\n\t\t\t\t<div class=\"elementor-widget-container\">\n\t\t\t\t\t\t\t\t\t<div class=\"elementor-button-wrapper\">\n\t\t\t\t\t<a class=\"elementor-button elementor-button-link elementor-size-sm\" href=\"https:\/\/msmpetfood.com\/fr\/prodotto\/pettys-all-breeds-adult-fish\/\">\n\t\t\t\t\t\t<span class=\"elementor-button-content-wrapper\">\n\t\t\t\t\t\t\t\t\t<span class=\"elementor-button-text\">D\u00e9couvrez<\/span>\n\t\t\t\t\t<\/span>\n\t\t\t\t\t<\/a>\n\t\t\t\t<\/div>\n\t\t\t\t\t\t\t\t<\/div>\n\t\t\t\t<\/div>\n\t\t\t\t<\/div>\n\t\t\t\t<\/div>\n\t\t\t\t<\/div>\n\t\t\n\t\t\t\t\t\t<\/div>\n\t\t\t\t<\/div>\n\t\t\t\t\t<\/div>\n\t\t\t\t<\/div>\n\t\t\t\t<\/div>\n\t\t","protected":false},"excerpt":{"rendered":"<p>PETTYS est la gamme Super Premium, compos\u00e9e de produits de haute qualit\u00e9 aux caract\u00e9ristiques uniques. Pettys est une gamme d&rsquo;aliments d&rsquo;aliments sains, complets et \u00e9quilibr\u00e9s sur le plan nutritionnel qui contiennent des ingr\u00e9dients am\u00e9liorant le bien-\u00eatre et l&rsquo;\u00e9quilibre corporel de l&rsquo;animal. Les recettes sont con\u00e7ues pour r\u00e9pondre aux go\u00fbts et aux besoins des animaux de [&hellip;]<\/p>\n","protected":false},"author":1,"featured_media":0,"parent":0,"menu_order":0,"comment_status":"closed","ping_status":"closed","template":"","meta":{"_acf_changed":false,"footnotes":""},"class_list":["post-6657","page","type-page","status-publish","hentry"],"acf":[],"_links":{"self":[{"href":"https:\/\/msmpetfood.com\/fr\/wp-json\/wp\/v2\/pages\/6657","targetHints":{"allow":["GET"]}}],"collection":[{"href":"https:\/\/msmpetfood.com\/fr\/wp-json\/wp\/v2\/pages"}],"about":[{"href":"https:\/\/msmpetfood.com\/fr\/wp-json\/wp\/v2\/types\/page"}],"author":[{"embeddable":true,"href":"https:\/\/msmpetfood.com\/fr\/wp-json\/wp\/v2\/users\/1"}],"replies":[{"embeddable":true,"href":"https:\/\/msmpetfood.com\/fr\/wp-json\/wp\/v2\/comments?post=6657"}],"version-history":[{"count":3,"href":"https:\/\/msmpetfood.com\/fr\/wp-json\/wp\/v2\/pages\/6657\/revisions"}],"predecessor-version":[{"id":6998,"href":"https:\/\/msmpetfood.com\/fr\/wp-json\/wp\/v2\/pages\/6657\/revisions\/6998"}],"wp:attachment":[{"href":"https:\/\/msmpetfood.com\/fr\/wp-json\/wp\/v2\/media?parent=6657"}],"curies":[{"name":"wp","href":"https:\/\/api.w.org\/{rel}","templated":true}]}}