{"id":6660,"date":"2025-04-14T09:23:13","date_gmt":"2025-04-14T07:23:13","guid":{"rendered":"https:\/\/msmpetfood.com\/prodotto\/chien-darret\/"},"modified":"2025-11-25T16:15:19","modified_gmt":"2025-11-25T15:15:19","slug":"chien-darret","status":"publish","type":"product","link":"https:\/\/msmpetfood.com\/fr\/prodotto\/chien-darret\/","title":{"rendered":"Chien d&rsquo;arr\u00eat"},"content":{"rendered":"","protected":false},"excerpt":{"rendered":"<p>Aliment complet pour chiots, formul\u00e9 pour r\u00e9pondre aux besoins des chiots en croissance jusqu&rsquo;\u00e0 l&rsquo;\u00e2ge d&rsquo;un an.<\/p>\n","protected":false},"featured_media":6662,"comment_status":"open","ping_status":"closed","template":"","meta":{"_acf_changed":false},"product_brand":[],"product_cat":[110,112],"product_tag":[],"class_list":{"0":"post-6660","1":"product","2":"type-product","3":"status-publish","4":"has-post-thumbnail","6":"product_cat-playdog","7":"product_cat-tous","9":"first","10":"instock","11":"shipping-taxable","12":"product-type-external"},"acf":[],"_links":{"self":[{"href":"https:\/\/msmpetfood.com\/fr\/wp-json\/wp\/v2\/product\/6660","targetHints":{"allow":["GET"]}}],"collection":[{"href":"https:\/\/msmpetfood.com\/fr\/wp-json\/wp\/v2\/product"}],"about":[{"href":"https:\/\/msmpetfood.com\/fr\/wp-json\/wp\/v2\/types\/product"}],"replies":[{"embeddable":true,"href":"https:\/\/msmpetfood.com\/fr\/wp-json\/wp\/v2\/comments?post=6660"}],"version-history":[{"count":1,"href":"https:\/\/msmpetfood.com\/fr\/wp-json\/wp\/v2\/product\/6660\/revisions"}],"predecessor-version":[{"id":7088,"href":"https:\/\/msmpetfood.com\/fr\/wp-json\/wp\/v2\/product\/6660\/revisions\/7088"}],"wp:featuredmedia":[{"embeddable":true,"href":"https:\/\/msmpetfood.com\/fr\/wp-json\/wp\/v2\/media\/6662"}],"wp:attachment":[{"href":"https:\/\/msmpetfood.com\/fr\/wp-json\/wp\/v2\/media?parent=6660"}],"wp:term":[{"taxonomy":"product_brand","embeddable":true,"href":"https:\/\/msmpetfood.com\/fr\/wp-json\/wp\/v2\/product_brand?post=6660"},{"taxonomy":"product_cat","embeddable":true,"href":"https:\/\/msmpetfood.com\/fr\/wp-json\/wp\/v2\/product_cat?post=6660"},{"taxonomy":"product_tag","embeddable":true,"href":"https:\/\/msmpetfood.com\/fr\/wp-json\/wp\/v2\/product_tag?post=6660"}],"curies":[{"name":"wp","href":"https:\/\/api.w.org\/{rel}","templated":true}]}}