{"id":6677,"date":"2025-04-14T09:23:13","date_gmt":"2025-04-14T07:23:13","guid":{"rendered":"https:\/\/msmpetfood.com\/prodotto\/playdog-extreme-32-24\/"},"modified":"2025-11-25T16:14:42","modified_gmt":"2025-11-25T15:14:42","slug":"playdog-extreme-32-24","status":"publish","type":"product","link":"https:\/\/msmpetfood.com\/fr\/prodotto\/playdog-extreme-32-24\/","title":{"rendered":"Playdog Extreme 32\/24"},"content":{"rendered":"","protected":false},"excerpt":{"rendered":"<p>Aliment complet \u00e0 haute densit\u00e9 \u00e9nerg\u00e9tique pour chiens adultes afin de r\u00e9pondre aux besoins nutritionnels des chiens de travail pendant les p\u00e9riodes d&rsquo;activit\u00e9 intense ou pour les chiens vivant \u00e0 l&rsquo;ext\u00e9rieur dans des climats difficiles.<\/p>\n","protected":false},"featured_media":6684,"comment_status":"open","ping_status":"closed","template":"","meta":{"_acf_changed":false},"product_brand":[],"product_cat":[110],"product_tag":[],"class_list":{"0":"post-6677","1":"product","2":"type-product","3":"status-publish","4":"has-post-thumbnail","6":"product_cat-playdog","8":"first","9":"instock","10":"shipping-taxable","11":"product-type-external"},"acf":[],"_links":{"self":[{"href":"https:\/\/msmpetfood.com\/fr\/wp-json\/wp\/v2\/product\/6677","targetHints":{"allow":["GET"]}}],"collection":[{"href":"https:\/\/msmpetfood.com\/fr\/wp-json\/wp\/v2\/product"}],"about":[{"href":"https:\/\/msmpetfood.com\/fr\/wp-json\/wp\/v2\/types\/product"}],"replies":[{"embeddable":true,"href":"https:\/\/msmpetfood.com\/fr\/wp-json\/wp\/v2\/comments?post=6677"}],"version-history":[{"count":1,"href":"https:\/\/msmpetfood.com\/fr\/wp-json\/wp\/v2\/product\/6677\/revisions"}],"predecessor-version":[{"id":7087,"href":"https:\/\/msmpetfood.com\/fr\/wp-json\/wp\/v2\/product\/6677\/revisions\/7087"}],"wp:featuredmedia":[{"embeddable":true,"href":"https:\/\/msmpetfood.com\/fr\/wp-json\/wp\/v2\/media\/6684"}],"wp:attachment":[{"href":"https:\/\/msmpetfood.com\/fr\/wp-json\/wp\/v2\/media?parent=6677"}],"wp:term":[{"taxonomy":"product_brand","embeddable":true,"href":"https:\/\/msmpetfood.com\/fr\/wp-json\/wp\/v2\/product_brand?post=6677"},{"taxonomy":"product_cat","embeddable":true,"href":"https:\/\/msmpetfood.com\/fr\/wp-json\/wp\/v2\/product_cat?post=6677"},{"taxonomy":"product_tag","embeddable":true,"href":"https:\/\/msmpetfood.com\/fr\/wp-json\/wp\/v2\/product_tag?post=6677"}],"curies":[{"name":"wp","href":"https:\/\/api.w.org\/{rel}","templated":true}]}}