{"id":6686,"date":"2025-04-14T09:23:14","date_gmt":"2025-04-14T07:23:14","guid":{"rendered":"https:\/\/msmpetfood.com\/prodotto\/energie-professionnelle\/"},"modified":"2025-04-14T09:23:14","modified_gmt":"2025-04-14T07:23:14","slug":"energie-professionnelle","status":"publish","type":"product","link":"https:\/\/msmpetfood.com\/fr\/prodotto\/energie-professionnelle\/","title":{"rendered":"\u00c9nergie professionnelle"},"content":{"rendered":"<p><strong>PROFESSIONAL ENERGY<\/strong> est un aliment complet adapt\u00e9 aux chiens sportifs actifs et aux chiens qui vivent \u00e0 l&rsquo;ext\u00e9rieur pendant la saison froide, avec un apport accru en prot\u00e9ines et en graisses, qui r\u00e9pond aux besoins nutritionnels des chiens actifs, m\u00eame en l&rsquo;absence de repas copieux. Il contient des acides gras <strong>om\u00e9ga<\/strong> <strong>3<\/strong> et <strong>om\u00e9ga 6<\/strong> pour le bien-\u00eatre de la peau et du pelage et du chlorure de choline qui favorise l&rsquo;assimilation des graisses et \u00e9vite leur stockage excessif dans le foie. <\/p>\n<p>Notre croquette unique<strong>\u00ab\u00a0triple couche<\/strong>\u00a0\u00bb pr\u00e9voit des temps de cuisson diff\u00e9rents pour les diff\u00e9rentes mati\u00e8res premi\u00e8res afin d&rsquo;obtenir une digestibilit\u00e9 \u00e9lev\u00e9e de l&rsquo;amidon. En outre, le m\u00e9lange \u00e0 froid des prot\u00e9ines animales, des min\u00e9raux et des vitamines pr\u00e9serve au mieux leurs caract\u00e9ristiques nutritionnelles et organoleptiques en \u00e9vitant de soumettre ces ingr\u00e9dients \u00e0 un traitement thermique suppl\u00e9mentaire. <\/p>\n","protected":false},"excerpt":{"rendered":"<p>Aliment complet et \u00e9quilibr\u00e9 pour chiens adultes de toutes races.<\/p>\n","protected":false},"featured_media":6678,"comment_status":"open","ping_status":"closed","template":"","meta":{"_acf_changed":false},"product_brand":[],"product_cat":[117],"product_tag":[],"class_list":{"0":"post-6686","1":"product","2":"type-product","3":"status-publish","4":"has-post-thumbnail","6":"product_cat-professionnel","8":"first","9":"instock","10":"shipping-taxable","11":"product-type-external"},"acf":[],"_links":{"self":[{"href":"https:\/\/msmpetfood.com\/fr\/wp-json\/wp\/v2\/product\/6686","targetHints":{"allow":["GET"]}}],"collection":[{"href":"https:\/\/msmpetfood.com\/fr\/wp-json\/wp\/v2\/product"}],"about":[{"href":"https:\/\/msmpetfood.com\/fr\/wp-json\/wp\/v2\/types\/product"}],"replies":[{"embeddable":true,"href":"https:\/\/msmpetfood.com\/fr\/wp-json\/wp\/v2\/comments?post=6686"}],"version-history":[{"count":0,"href":"https:\/\/msmpetfood.com\/fr\/wp-json\/wp\/v2\/product\/6686\/revisions"}],"wp:featuredmedia":[{"embeddable":true,"href":"https:\/\/msmpetfood.com\/fr\/wp-json\/wp\/v2\/media\/6678"}],"wp:attachment":[{"href":"https:\/\/msmpetfood.com\/fr\/wp-json\/wp\/v2\/media?parent=6686"}],"wp:term":[{"taxonomy":"product_brand","embeddable":true,"href":"https:\/\/msmpetfood.com\/fr\/wp-json\/wp\/v2\/product_brand?post=6686"},{"taxonomy":"product_cat","embeddable":true,"href":"https:\/\/msmpetfood.com\/fr\/wp-json\/wp\/v2\/product_cat?post=6686"},{"taxonomy":"product_tag","embeddable":true,"href":"https:\/\/msmpetfood.com\/fr\/wp-json\/wp\/v2\/product_tag?post=6686"}],"curies":[{"name":"wp","href":"https:\/\/api.w.org\/{rel}","templated":true}]}}