{"id":6691,"date":"2025-04-14T09:23:42","date_gmt":"2025-04-14T07:23:42","guid":{"rendered":"https:\/\/msmpetfood.com\/prodotto\/podium-toutes-races-chiot-maman\/"},"modified":"2026-03-17T16:58:17","modified_gmt":"2026-03-17T15:58:17","slug":"podium-toutes-races-chiot-maman","status":"publish","type":"product","link":"https:\/\/msmpetfood.com\/fr\/prodotto\/podium-toutes-races-chiot-maman\/","title":{"rendered":"Podium Toutes Races Chiot &amp; Maman"},"content":{"rendered":"","protected":false},"excerpt":{"rendered":"<p>Aliment complet et \u00e9quilibr\u00e9, sp\u00e9cialement con\u00e7u pour le d\u00e9veloppement harmonieux du squelette et des muscles du chiot.<\/p>\n","protected":false},"featured_media":6693,"comment_status":"open","ping_status":"closed","template":"","meta":{"_acf_changed":false},"product_brand":[],"product_cat":[118,121],"product_tag":[],"class_list":{"0":"post-6691","1":"product","2":"type-product","3":"status-publish","4":"has-post-thumbnail","6":"product_cat-podium","7":"product_cat-podium-2024-puppy","9":"first","10":"instock","11":"shipping-taxable","12":"product-type-external"},"acf":[],"_links":{"self":[{"href":"https:\/\/msmpetfood.com\/fr\/wp-json\/wp\/v2\/product\/6691","targetHints":{"allow":["GET"]}}],"collection":[{"href":"https:\/\/msmpetfood.com\/fr\/wp-json\/wp\/v2\/product"}],"about":[{"href":"https:\/\/msmpetfood.com\/fr\/wp-json\/wp\/v2\/types\/product"}],"replies":[{"embeddable":true,"href":"https:\/\/msmpetfood.com\/fr\/wp-json\/wp\/v2\/comments?post=6691"}],"version-history":[{"count":2,"href":"https:\/\/msmpetfood.com\/fr\/wp-json\/wp\/v2\/product\/6691\/revisions"}],"predecessor-version":[{"id":7161,"href":"https:\/\/msmpetfood.com\/fr\/wp-json\/wp\/v2\/product\/6691\/revisions\/7161"}],"wp:featuredmedia":[{"embeddable":true,"href":"https:\/\/msmpetfood.com\/fr\/wp-json\/wp\/v2\/media\/6693"}],"wp:attachment":[{"href":"https:\/\/msmpetfood.com\/fr\/wp-json\/wp\/v2\/media?parent=6691"}],"wp:term":[{"taxonomy":"product_brand","embeddable":true,"href":"https:\/\/msmpetfood.com\/fr\/wp-json\/wp\/v2\/product_brand?post=6691"},{"taxonomy":"product_cat","embeddable":true,"href":"https:\/\/msmpetfood.com\/fr\/wp-json\/wp\/v2\/product_cat?post=6691"},{"taxonomy":"product_tag","embeddable":true,"href":"https:\/\/msmpetfood.com\/fr\/wp-json\/wp\/v2\/product_tag?post=6691"}],"curies":[{"name":"wp","href":"https:\/\/api.w.org\/{rel}","templated":true}]}}