{"id":6697,"date":"2025-04-14T09:23:42","date_gmt":"2025-04-14T07:23:42","guid":{"rendered":"https:\/\/msmpetfood.com\/prodotto\/chiot-professionnel\/"},"modified":"2025-04-14T09:23:42","modified_gmt":"2025-04-14T07:23:42","slug":"chiot-professionnel","status":"publish","type":"product","link":"https:\/\/msmpetfood.com\/fr\/prodotto\/chiot-professionnel\/","title":{"rendered":"Chiot professionnel"},"content":{"rendered":"<p><strong>MSM PROFESSIONAL PUPPY<\/strong> est un aliment complet et \u00e9quilibr\u00e9 sp\u00e9cialement formul\u00e9 pour soutenir les phases de croissance des chiots de toutes tailles, du sevrage \u00e0 l&rsquo;\u00e2ge d&rsquo;un an. Contient de l&rsquo;<strong>huile de lin<\/strong> et de l&rsquo;<strong> huile de foie de morue<\/strong> qui apportent des acides gras <strong>om\u00e9ga 3<\/strong> pour un d\u00e9veloppement optimal de la r\u00e9tine chez les chiots et des <strong>om\u00e9ga 6<\/strong> pour une peau et un pelage sains. Contient du <g id=\"gid_5\">chlorure de choline<\/g> qui favorise l&rsquo;assimilation des graisses et pr\u00e9vient le stockage excessif des graisses dans le foie. Contient de la <strong>chondro\u00eftine<\/strong>, de la <strong>glucosamine<\/strong> et du <strong>MSM<\/strong> (m\u00e9thyl-sulfonyl-m\u00e9thane) pour le d\u00e9veloppement des articulations et des os pendant les phases de croissance.   <\/p>\n<p>Notre croquette unique <strong>\u00ab\u00a0triple couche\u00a0\u00bb<\/strong> pr\u00e9voit des temps de cuisson diff\u00e9rents pour les diff\u00e9rentes mati\u00e8res premi\u00e8res afin d&rsquo;obtenir une digestibilit\u00e9 \u00e9lev\u00e9e de l&rsquo;amidon. En outre, le m\u00e9lange \u00e0 froid des prot\u00e9ines animales, des min\u00e9raux et des vitamines pr\u00e9serve au mieux leurs caract\u00e9ristiques nutritionnelles et organoleptiques en \u00e9vitant de soumettre ces ingr\u00e9dients \u00e0 un traitement thermique suppl\u00e9mentaire. <\/p>\n","protected":false},"excerpt":{"rendered":"<p>Aliment complet et \u00e9quilibr\u00e9 pour les chiots de toutes races.<\/p>\n","protected":false},"featured_media":6683,"comment_status":"open","ping_status":"closed","template":"","meta":{"_acf_changed":false},"product_brand":[],"product_cat":[123,117],"product_tag":[],"class_list":{"0":"post-6697","1":"product","2":"type-product","3":"status-publish","4":"has-post-thumbnail","6":"product_cat-chiot-professionnel","7":"product_cat-professionnel","9":"first","10":"instock","11":"shipping-taxable","12":"product-type-external"},"acf":[],"_links":{"self":[{"href":"https:\/\/msmpetfood.com\/fr\/wp-json\/wp\/v2\/product\/6697","targetHints":{"allow":["GET"]}}],"collection":[{"href":"https:\/\/msmpetfood.com\/fr\/wp-json\/wp\/v2\/product"}],"about":[{"href":"https:\/\/msmpetfood.com\/fr\/wp-json\/wp\/v2\/types\/product"}],"replies":[{"embeddable":true,"href":"https:\/\/msmpetfood.com\/fr\/wp-json\/wp\/v2\/comments?post=6697"}],"version-history":[{"count":0,"href":"https:\/\/msmpetfood.com\/fr\/wp-json\/wp\/v2\/product\/6697\/revisions"}],"wp:featuredmedia":[{"embeddable":true,"href":"https:\/\/msmpetfood.com\/fr\/wp-json\/wp\/v2\/media\/6683"}],"wp:attachment":[{"href":"https:\/\/msmpetfood.com\/fr\/wp-json\/wp\/v2\/media?parent=6697"}],"wp:term":[{"taxonomy":"product_brand","embeddable":true,"href":"https:\/\/msmpetfood.com\/fr\/wp-json\/wp\/v2\/product_brand?post=6697"},{"taxonomy":"product_cat","embeddable":true,"href":"https:\/\/msmpetfood.com\/fr\/wp-json\/wp\/v2\/product_cat?post=6697"},{"taxonomy":"product_tag","embeddable":true,"href":"https:\/\/msmpetfood.com\/fr\/wp-json\/wp\/v2\/product_tag?post=6697"}],"curies":[{"name":"wp","href":"https:\/\/api.w.org\/{rel}","templated":true}]}}