{"id":6698,"date":"2025-04-14T09:23:16","date_gmt":"2025-04-14T07:23:16","guid":{"rendered":"https:\/\/msmpetfood.com\/prodotto\/activite-playdog\/"},"modified":"2025-11-25T16:14:02","modified_gmt":"2025-11-25T15:14:02","slug":"activite-playdog","status":"publish","type":"product","link":"https:\/\/msmpetfood.com\/fr\/prodotto\/activite-playdog\/","title":{"rendered":"Activit\u00e9 Playdog"},"content":{"rendered":"","protected":false},"excerpt":{"rendered":"<p style=\"text-align: justify;\">Aliment complet pour chiens adultes avec une densit\u00e9 \u00e9nerg\u00e9tique \u00e9lev\u00e9e pour r\u00e9pondre aux besoins nutritionnels des chiens sportifs et actifs vivant \u00e0 l&rsquo;ext\u00e9rieur dans des climats froids.<\/p>\n","protected":false},"featured_media":6699,"comment_status":"open","ping_status":"closed","template":"","meta":{"_acf_changed":false},"product_brand":[],"product_cat":[110],"product_tag":[],"class_list":{"0":"post-6698","1":"product","2":"type-product","3":"status-publish","4":"has-post-thumbnail","6":"product_cat-playdog","8":"first","9":"instock","10":"shipping-taxable","11":"product-type-external"},"acf":[],"_links":{"self":[{"href":"https:\/\/msmpetfood.com\/fr\/wp-json\/wp\/v2\/product\/6698","targetHints":{"allow":["GET"]}}],"collection":[{"href":"https:\/\/msmpetfood.com\/fr\/wp-json\/wp\/v2\/product"}],"about":[{"href":"https:\/\/msmpetfood.com\/fr\/wp-json\/wp\/v2\/types\/product"}],"replies":[{"embeddable":true,"href":"https:\/\/msmpetfood.com\/fr\/wp-json\/wp\/v2\/comments?post=6698"}],"version-history":[{"count":1,"href":"https:\/\/msmpetfood.com\/fr\/wp-json\/wp\/v2\/product\/6698\/revisions"}],"predecessor-version":[{"id":7086,"href":"https:\/\/msmpetfood.com\/fr\/wp-json\/wp\/v2\/product\/6698\/revisions\/7086"}],"wp:featuredmedia":[{"embeddable":true,"href":"https:\/\/msmpetfood.com\/fr\/wp-json\/wp\/v2\/media\/6699"}],"wp:attachment":[{"href":"https:\/\/msmpetfood.com\/fr\/wp-json\/wp\/v2\/media?parent=6698"}],"wp:term":[{"taxonomy":"product_brand","embeddable":true,"href":"https:\/\/msmpetfood.com\/fr\/wp-json\/wp\/v2\/product_brand?post=6698"},{"taxonomy":"product_cat","embeddable":true,"href":"https:\/\/msmpetfood.com\/fr\/wp-json\/wp\/v2\/product_cat?post=6698"},{"taxonomy":"product_tag","embeddable":true,"href":"https:\/\/msmpetfood.com\/fr\/wp-json\/wp\/v2\/product_tag?post=6698"}],"curies":[{"name":"wp","href":"https:\/\/api.w.org\/{rel}","templated":true}]}}