{"id":6713,"date":"2025-04-22T11:28:30","date_gmt":"2025-04-22T09:28:30","guid":{"rendered":"https:\/\/msmpetfood.com\/prodotto\/podium-eleveur-viande-forte\/"},"modified":"2025-04-22T11:28:30","modified_gmt":"2025-04-22T09:28:30","slug":"podium-eleveur-viande-forte","status":"publish","type":"product","link":"https:\/\/msmpetfood.com\/fr\/prodotto\/podium-eleveur-viande-forte\/","title":{"rendered":"Podium \u00c9leveur Viande forte"},"content":{"rendered":"<p><strong>Podium Breeder Strong Meat<\/strong> est un aliment complet et \u00e9quilibr\u00e9, <strong>riche en viande<\/strong> (38%) et sp\u00e9cialement con\u00e7u pour maintenir les performances de pointe des chiens adultes tr\u00e8s actifs qui ont besoin de beaucoup d&rsquo;\u00e9nergie (chiens de travail, chiens d&rsquo;exposition, chiens stress\u00e9s ou soumis \u00e0 des climats difficiles). La<strong>haute biodisponibilit\u00e9 des prot\u00e9ines animales (28 %) et la teneur \u00e9lev\u00e9e en mati\u00e8res grasses (22 %)<\/strong> aident le chien \u00e0 rester actif et en forme \u00e0 tout moment, m\u00eame en cas d&rsquo;efforts intenses. <\/p>\n","protected":false},"excerpt":{"rendered":"<p>Aliment complet et \u00e9quilibr\u00e9 pour chiens adultes de toutes races.<\/p>\n","protected":false},"featured_media":6715,"comment_status":"open","ping_status":"closed","template":"","meta":{"_acf_changed":false},"product_brand":[],"product_cat":[126],"product_tag":[],"class_list":{"0":"post-6713","1":"product","2":"type-product","3":"status-publish","4":"has-post-thumbnail","6":"product_cat-eleveur-de-podium","8":"first","9":"instock","10":"shipping-taxable","11":"product-type-external"},"acf":[],"_links":{"self":[{"href":"https:\/\/msmpetfood.com\/fr\/wp-json\/wp\/v2\/product\/6713","targetHints":{"allow":["GET"]}}],"collection":[{"href":"https:\/\/msmpetfood.com\/fr\/wp-json\/wp\/v2\/product"}],"about":[{"href":"https:\/\/msmpetfood.com\/fr\/wp-json\/wp\/v2\/types\/product"}],"replies":[{"embeddable":true,"href":"https:\/\/msmpetfood.com\/fr\/wp-json\/wp\/v2\/comments?post=6713"}],"version-history":[{"count":0,"href":"https:\/\/msmpetfood.com\/fr\/wp-json\/wp\/v2\/product\/6713\/revisions"}],"wp:featuredmedia":[{"embeddable":true,"href":"https:\/\/msmpetfood.com\/fr\/wp-json\/wp\/v2\/media\/6715"}],"wp:attachment":[{"href":"https:\/\/msmpetfood.com\/fr\/wp-json\/wp\/v2\/media?parent=6713"}],"wp:term":[{"taxonomy":"product_brand","embeddable":true,"href":"https:\/\/msmpetfood.com\/fr\/wp-json\/wp\/v2\/product_brand?post=6713"},{"taxonomy":"product_cat","embeddable":true,"href":"https:\/\/msmpetfood.com\/fr\/wp-json\/wp\/v2\/product_cat?post=6713"},{"taxonomy":"product_tag","embeddable":true,"href":"https:\/\/msmpetfood.com\/fr\/wp-json\/wp\/v2\/product_tag?post=6713"}],"curies":[{"name":"wp","href":"https:\/\/api.w.org\/{rel}","templated":true}]}}