{"id":6718,"date":"2025-04-22T11:28:31","date_gmt":"2025-04-22T09:28:31","guid":{"rendered":"https:\/\/msmpetfood.com\/prodotto\/podium-breeder-puppy-mommy-meat\/"},"modified":"2025-04-22T11:28:31","modified_gmt":"2025-04-22T09:28:31","slug":"podium-breeder-puppy-mommy-meat","status":"publish","type":"product","link":"https:\/\/msmpetfood.com\/fr\/prodotto\/podium-breeder-puppy-mommy-meat\/","title":{"rendered":"Podium Breeder Puppy &amp; Mommy Meat"},"content":{"rendered":"<p class=\"p1\"><b>Podium Breeder Puppy &amp; Mommy Me<\/b> at est un aliment complet caract\u00e9ris\u00e9 par.. :<\/p>\n<p class=\"p1\">&#8211; Haute digestibilit\u00e9 pour favoriser l&rsquo;absorption des nutriments dans le syst\u00e8me digestif d\u00e9licat des chiots.<\/p>\n<p class=\"p1\">&#8211; Excellent rapport entre les om\u00e9ga 3 et les om\u00e9ga 6 qui aide \u00e0 maintenir un pelage brillant, contribue au bon fonctionnement du syst\u00e8me cardiovasculaire et facilite la r\u00e9ponse anti-inflammatoire.<\/p>\n<p class=\"p1\">&#8211; S\u00e9l\u00e9nium organique et vitamine C pour lutter contre le stress oxydatif et le vieillissement cellulaire pr\u00e9matur\u00e9.<\/p>\n<p class=\"p1\">&#8211; La pulpe de betterave est une source pr\u00e9cieuse de fibres alimentaires qui favorisent une bonne digestion en stimulant les capacit\u00e9s motrices de l&rsquo;estomac et des intestins.<\/p>\n","protected":false},"excerpt":{"rendered":"<p>Aliment complet et \u00e9quilibr\u00e9 pour chiots et poulini\u00e8res de toutes races.<\/p>\n","protected":false},"featured_media":6715,"comment_status":"open","ping_status":"closed","template":"","meta":{"_acf_changed":false},"product_brand":[],"product_cat":[127,126],"product_tag":[],"class_list":{"0":"post-6718","1":"product","2":"type-product","3":"status-publish","4":"has-post-thumbnail","6":"product_cat-chiot-delevage-podium","7":"product_cat-eleveur-de-podium","9":"first","10":"instock","11":"shipping-taxable","12":"product-type-external"},"acf":[],"_links":{"self":[{"href":"https:\/\/msmpetfood.com\/fr\/wp-json\/wp\/v2\/product\/6718","targetHints":{"allow":["GET"]}}],"collection":[{"href":"https:\/\/msmpetfood.com\/fr\/wp-json\/wp\/v2\/product"}],"about":[{"href":"https:\/\/msmpetfood.com\/fr\/wp-json\/wp\/v2\/types\/product"}],"replies":[{"embeddable":true,"href":"https:\/\/msmpetfood.com\/fr\/wp-json\/wp\/v2\/comments?post=6718"}],"version-history":[{"count":0,"href":"https:\/\/msmpetfood.com\/fr\/wp-json\/wp\/v2\/product\/6718\/revisions"}],"wp:featuredmedia":[{"embeddable":true,"href":"https:\/\/msmpetfood.com\/fr\/wp-json\/wp\/v2\/media\/6715"}],"wp:attachment":[{"href":"https:\/\/msmpetfood.com\/fr\/wp-json\/wp\/v2\/media?parent=6718"}],"wp:term":[{"taxonomy":"product_brand","embeddable":true,"href":"https:\/\/msmpetfood.com\/fr\/wp-json\/wp\/v2\/product_brand?post=6718"},{"taxonomy":"product_cat","embeddable":true,"href":"https:\/\/msmpetfood.com\/fr\/wp-json\/wp\/v2\/product_cat?post=6718"},{"taxonomy":"product_tag","embeddable":true,"href":"https:\/\/msmpetfood.com\/fr\/wp-json\/wp\/v2\/product_tag?post=6718"}],"curies":[{"name":"wp","href":"https:\/\/api.w.org\/{rel}","templated":true}]}}