{"id":6720,"date":"2025-04-22T11:28:31","date_gmt":"2025-04-22T09:28:31","guid":{"rendered":"https:\/\/msmpetfood.com\/prodotto\/podium-breeder-basic-cat-fish\/"},"modified":"2025-04-22T11:28:31","modified_gmt":"2025-04-22T09:28:31","slug":"podium-breeder-basic-cat-fish","status":"publish","type":"product","link":"https:\/\/msmpetfood.com\/fr\/prodotto\/podium-breeder-basic-cat-fish\/","title":{"rendered":"Podium Breeder Basic Cat Fish"},"content":{"rendered":"<p><strong>Podium Breeder Basic Cat Fish<\/strong> est un aliment complet au profil prot\u00e9ique optimal, formul\u00e9 pour le bien-\u00eatre quotidien des chats adultes \u00e0 partir d&rsquo;un an. Les prot\u00e9ines de poisson favorisent le <strong>maintien d&rsquo;une forme physique parfaite<\/strong>, tandis que l&rsquo;ajout d&rsquo;une suppl\u00e9mentation ad\u00e9quate (taurine et vitamines) contribue au <strong>fonctionnement optimal des tissus nerveux et musculaires<\/strong>. <\/p>\n","protected":false},"excerpt":{"rendered":"<p>Aliment complet et \u00e9quilibr\u00e9 pour chats adultes.<\/p>\n","protected":false},"featured_media":6715,"comment_status":"open","ping_status":"closed","template":"","meta":{"_acf_changed":false},"product_brand":[],"product_cat":[126,128],"product_tag":[],"class_list":{"0":"post-6720","1":"product","2":"type-product","3":"status-publish","4":"has-post-thumbnail","6":"product_cat-eleveur-de-podium","7":"product_cat-podium-breeder-cat","9":"first","10":"instock","11":"shipping-taxable","12":"product-type-external"},"acf":[],"_links":{"self":[{"href":"https:\/\/msmpetfood.com\/fr\/wp-json\/wp\/v2\/product\/6720","targetHints":{"allow":["GET"]}}],"collection":[{"href":"https:\/\/msmpetfood.com\/fr\/wp-json\/wp\/v2\/product"}],"about":[{"href":"https:\/\/msmpetfood.com\/fr\/wp-json\/wp\/v2\/types\/product"}],"replies":[{"embeddable":true,"href":"https:\/\/msmpetfood.com\/fr\/wp-json\/wp\/v2\/comments?post=6720"}],"version-history":[{"count":0,"href":"https:\/\/msmpetfood.com\/fr\/wp-json\/wp\/v2\/product\/6720\/revisions"}],"wp:featuredmedia":[{"embeddable":true,"href":"https:\/\/msmpetfood.com\/fr\/wp-json\/wp\/v2\/media\/6715"}],"wp:attachment":[{"href":"https:\/\/msmpetfood.com\/fr\/wp-json\/wp\/v2\/media?parent=6720"}],"wp:term":[{"taxonomy":"product_brand","embeddable":true,"href":"https:\/\/msmpetfood.com\/fr\/wp-json\/wp\/v2\/product_brand?post=6720"},{"taxonomy":"product_cat","embeddable":true,"href":"https:\/\/msmpetfood.com\/fr\/wp-json\/wp\/v2\/product_cat?post=6720"},{"taxonomy":"product_tag","embeddable":true,"href":"https:\/\/msmpetfood.com\/fr\/wp-json\/wp\/v2\/product_tag?post=6720"}],"curies":[{"name":"wp","href":"https:\/\/api.w.org\/{rel}","templated":true}]}}