{"id":6721,"date":"2025-04-22T11:28:31","date_gmt":"2025-04-22T09:28:31","guid":{"rendered":"https:\/\/msmpetfood.com\/prodotto\/podium-breeder-maintenance-meat\/"},"modified":"2025-04-22T11:28:31","modified_gmt":"2025-04-22T09:28:31","slug":"podium-breeder-maintenance-meat","status":"publish","type":"product","link":"https:\/\/msmpetfood.com\/fr\/prodotto\/podium-breeder-maintenance-meat\/","title":{"rendered":"Podium Breeder Maintenance Meat"},"content":{"rendered":"<p><strong>Podium Breeder Maintenance Meat<\/strong> est un aliment complet et \u00e9quilibr\u00e9 pour chiens adultes, <strong>riche en viande<\/strong> (29,5 %) et compos\u00e9 d&rsquo;ingr\u00e9dients de haute qualit\u00e9 soigneusement s\u00e9lectionn\u00e9s. Il offre un apport optimal en prot\u00e9ines, mati\u00e8res grasses, glucides, vitamines et min\u00e9raux pour assurer le bien-\u00eatre de votre chien. L&rsquo;<strong>app\u00e9tence et la digestibilit\u00e9 \u00e9lev\u00e9es<\/strong> permettent une assimilation optimale de tous les nutriments.  <\/p>\n","protected":false},"excerpt":{"rendered":"<p>Aliment complet et \u00e9quilibr\u00e9 pour chiens adultes de toutes races.<\/p>\n","protected":false},"featured_media":6715,"comment_status":"open","ping_status":"closed","template":"","meta":{"_acf_changed":false},"product_brand":[],"product_cat":[126],"product_tag":[],"class_list":{"0":"post-6721","1":"product","2":"type-product","3":"status-publish","4":"has-post-thumbnail","6":"product_cat-eleveur-de-podium","8":"first","9":"instock","10":"shipping-taxable","11":"product-type-external"},"acf":[],"_links":{"self":[{"href":"https:\/\/msmpetfood.com\/fr\/wp-json\/wp\/v2\/product\/6721","targetHints":{"allow":["GET"]}}],"collection":[{"href":"https:\/\/msmpetfood.com\/fr\/wp-json\/wp\/v2\/product"}],"about":[{"href":"https:\/\/msmpetfood.com\/fr\/wp-json\/wp\/v2\/types\/product"}],"replies":[{"embeddable":true,"href":"https:\/\/msmpetfood.com\/fr\/wp-json\/wp\/v2\/comments?post=6721"}],"version-history":[{"count":0,"href":"https:\/\/msmpetfood.com\/fr\/wp-json\/wp\/v2\/product\/6721\/revisions"}],"wp:featuredmedia":[{"embeddable":true,"href":"https:\/\/msmpetfood.com\/fr\/wp-json\/wp\/v2\/media\/6715"}],"wp:attachment":[{"href":"https:\/\/msmpetfood.com\/fr\/wp-json\/wp\/v2\/media?parent=6721"}],"wp:term":[{"taxonomy":"product_brand","embeddable":true,"href":"https:\/\/msmpetfood.com\/fr\/wp-json\/wp\/v2\/product_brand?post=6721"},{"taxonomy":"product_cat","embeddable":true,"href":"https:\/\/msmpetfood.com\/fr\/wp-json\/wp\/v2\/product_cat?post=6721"},{"taxonomy":"product_tag","embeddable":true,"href":"https:\/\/msmpetfood.com\/fr\/wp-json\/wp\/v2\/product_tag?post=6721"}],"curies":[{"name":"wp","href":"https:\/\/api.w.org\/{rel}","templated":true}]}}