{"id":6722,"date":"2025-04-22T11:28:31","date_gmt":"2025-04-22T09:28:31","guid":{"rendered":"https:\/\/msmpetfood.com\/prodotto\/podium-breeder-maintenance-fish\/"},"modified":"2025-04-22T11:28:31","modified_gmt":"2025-04-22T09:28:31","slug":"podium-breeder-maintenance-fish","status":"publish","type":"product","link":"https:\/\/msmpetfood.com\/fr\/prodotto\/podium-breeder-maintenance-fish\/","title":{"rendered":"Podium Breeder Maintenance Fish"},"content":{"rendered":"<p><strong>Podium Breeder Maintenance Fish<\/strong> est un aliment complet et \u00e9quilibr\u00e9 pour chiens adultes, riche en poisson (14%). Le rapport entre les acides gras om\u00e9ga 6 et om\u00e9ga 3, naturellement pr\u00e9sents dans le poisson, est optimal et, associ\u00e9 \u00e0 l&rsquo;apport \u00e9quilibr\u00e9 en vitamines et min\u00e9raux, favorise un pelage brillant et un renforcement osseux. <\/p>\n","protected":false},"excerpt":{"rendered":"<p>Aliment complet et \u00e9quilibr\u00e9 pour chiens adultes de toutes races.<\/p>\n","protected":false},"featured_media":6715,"comment_status":"open","ping_status":"closed","template":"","meta":{"_acf_changed":false},"product_brand":[],"product_cat":[126],"product_tag":[],"class_list":{"0":"post-6722","1":"product","2":"type-product","3":"status-publish","4":"has-post-thumbnail","6":"product_cat-eleveur-de-podium","8":"first","9":"instock","10":"shipping-taxable","11":"product-type-external"},"acf":[],"_links":{"self":[{"href":"https:\/\/msmpetfood.com\/fr\/wp-json\/wp\/v2\/product\/6722","targetHints":{"allow":["GET"]}}],"collection":[{"href":"https:\/\/msmpetfood.com\/fr\/wp-json\/wp\/v2\/product"}],"about":[{"href":"https:\/\/msmpetfood.com\/fr\/wp-json\/wp\/v2\/types\/product"}],"replies":[{"embeddable":true,"href":"https:\/\/msmpetfood.com\/fr\/wp-json\/wp\/v2\/comments?post=6722"}],"version-history":[{"count":0,"href":"https:\/\/msmpetfood.com\/fr\/wp-json\/wp\/v2\/product\/6722\/revisions"}],"wp:featuredmedia":[{"embeddable":true,"href":"https:\/\/msmpetfood.com\/fr\/wp-json\/wp\/v2\/media\/6715"}],"wp:attachment":[{"href":"https:\/\/msmpetfood.com\/fr\/wp-json\/wp\/v2\/media?parent=6722"}],"wp:term":[{"taxonomy":"product_brand","embeddable":true,"href":"https:\/\/msmpetfood.com\/fr\/wp-json\/wp\/v2\/product_brand?post=6722"},{"taxonomy":"product_cat","embeddable":true,"href":"https:\/\/msmpetfood.com\/fr\/wp-json\/wp\/v2\/product_cat?post=6722"},{"taxonomy":"product_tag","embeddable":true,"href":"https:\/\/msmpetfood.com\/fr\/wp-json\/wp\/v2\/product_tag?post=6722"}],"curies":[{"name":"wp","href":"https:\/\/api.w.org\/{rel}","templated":true}]}}